{"id":3446,"date":"2015-08-22T10:32:25","date_gmt":"2015-08-22T10:32:25","guid":{"rendered":"http:\/\/www.landschildkroeten.de\/haltung\/?page_id=3446"},"modified":"2017-08-22T10:37:59","modified_gmt":"2017-08-22T10:37:59","slug":"oaetos-hilfe-fuer-schildkroeten-in-griechenland","status":"publish","type":"page","link":"https:\/\/www.xn--landschildkrte-6pb.de\/haltung\/oaetos-hilfe-fuer-schildkroeten-in-griechenland\/","title":{"rendered":"OAETOS &#8211; Hilfe f\u00fcr Schildkr\u00f6ten in Griechenland"},"content":{"rendered":"<p>Unterst\u00fctze auch du dieses Projekt und hilf dem \"O AETOS e.V.\" Schildkr\u00f6tenschutz in Griechenland. Nachzuchten, kranke und verletzte Tiere werden von Bernd Pitzer in der Schutzstation O AETOS in Griechenland gesund gepflegt.<\/p>\n<h3>Als Pate erh\u00e4ltst du eine Urkunde<\/h3>\n<div id=\"attachment_3447\" style=\"width: 778px\" class=\"wp-caption alignnone\"><a href=\"https:\/\/www.xn--landschildkrte-6pb.de\/haltung\/wp-content\/uploads\/2017\/08\/urkunde-oaetos.jpg\"><img loading=\"lazy\" decoding=\"async\" aria-describedby=\"caption-attachment-3447\" src=\"https:\/\/www.xn--landschildkrte-6pb.de\/haltung\/wp-content\/uploads\/2017\/08\/urkunde-oaetos.jpg\" alt=\"\" width=\"768\" height=\"1055\" class=\"size-full wp-image-3447\" srcset=\"https:\/\/www.xn--landschildkrte-6pb.de\/haltung\/wp-content\/uploads\/2017\/08\/urkunde-oaetos.jpg 768w, https:\/\/www.xn--landschildkrte-6pb.de\/haltung\/wp-content\/uploads\/2017\/08\/urkunde-oaetos-218x300.jpg 218w, https:\/\/www.xn--landschildkrte-6pb.de\/haltung\/wp-content\/uploads\/2017\/08\/urkunde-oaetos-745x1024.jpg 745w\" sizes=\"auto, (max-width: 768px) 100vw, 768px\" \/><\/a><p id=\"caption-attachment-3447\" class=\"wp-caption-text\">OAETOS-Urkunde<\/p><\/div>\n<p>Du kannst bei Bernd Pitzer unter anderem an Naturexkursionen in Griechenland teilnehmen, Patenschaften f\u00fcr Schildkr\u00f6ten \u00fcbernehmen oder als Helfer die Schildkr\u00f6ten-Schutzstation am Olymp tatkr\u00e4ftig unterst\u00fctzen.<br \/>\n<a href=\"https:\/\/www.xn--landschildkrte-6pb.de\/haltung\/wp-content\/uploads\/2015\/08\/oaetos-wildlife.jpeg\"><img loading=\"lazy\" decoding=\"async\" src=\"https:\/\/www.xn--landschildkrte-6pb.de\/haltung\/wp-content\/uploads\/2015\/08\/oaetos-wildlife.jpeg\" alt=\"\" width=\"200\" height=\"196\" class=\"alignnone size-full wp-image-3451\" \/><\/a><br \/>\nZur Website: <a href=\"http:\/\/www.oaetos.de\/\" target=\"_blank\">http:\/\/www.oaetos.de\/<\/a><\/p>\n","protected":false},"excerpt":{"rendered":"<p>Unterst\u00fctze auch du dieses Projekt und hilf dem \"O AETOS e.V.\" Schildkr\u00f6tenschutz in Griechenland. Nachzuchten, kranke und verletzte Tiere werden von Bernd Pitzer in der Schutzstation O AETOS in Griechenland gesund gepflegt. Als Pate erh\u00e4ltst du eine Urkunde Du kannst bei Bernd Pitzer unter anderem an Naturexkursionen in Griechenland teilnehmen, Patenschaften f\u00fcr Schildkr\u00f6ten \u00fcbernehmen oder als Helfer die Schildkr\u00f6ten-Schutzstation am&nbsp;<a href=\"https:\/\/www.xn--landschildkrte-6pb.de\/haltung\/oaetos-hilfe-fuer-schildkroeten-in-griechenland\/\" class=\"read-more\">Weiter lesen<\/a><\/p>\n","protected":false},"author":1,"featured_media":0,"parent":0,"menu_order":0,"comment_status":"closed","ping_status":"closed","template":"","meta":{"_exactmetrics_skip_tracking":false,"_exactmetrics_sitenote_active":false,"_exactmetrics_sitenote_note":"","_exactmetrics_sitenote_category":0,"footnotes":""},"class_list":["post-3446","page","type-page","status-publish","hentry"],"aioseo_notices":[],"publishpress_future_action":{"enabled":false,"date":"2026-04-17 11:57:14","action":"change-status","newStatus":"draft","terms":[],"taxonomy":"","extraData":[]},"publishpress_future_workflow_manual_trigger":{"enabledWorkflows":[]},"_links":{"self":[{"href":"https:\/\/www.xn--landschildkrte-6pb.de\/haltung\/wp-json\/wp\/v2\/pages\/3446","targetHints":{"allow":["GET"]}}],"collection":[{"href":"https:\/\/www.xn--landschildkrte-6pb.de\/haltung\/wp-json\/wp\/v2\/pages"}],"about":[{"href":"https:\/\/www.xn--landschildkrte-6pb.de\/haltung\/wp-json\/wp\/v2\/types\/page"}],"author":[{"embeddable":true,"href":"https:\/\/www.xn--landschildkrte-6pb.de\/haltung\/wp-json\/wp\/v2\/users\/1"}],"replies":[{"embeddable":true,"href":"https:\/\/www.xn--landschildkrte-6pb.de\/haltung\/wp-json\/wp\/v2\/comments?post=3446"}],"version-history":[{"count":4,"href":"https:\/\/www.xn--landschildkrte-6pb.de\/haltung\/wp-json\/wp\/v2\/pages\/3446\/revisions"}],"predecessor-version":[{"id":3452,"href":"https:\/\/www.xn--landschildkrte-6pb.de\/haltung\/wp-json\/wp\/v2\/pages\/3446\/revisions\/3452"}],"wp:attachment":[{"href":"https:\/\/www.xn--landschildkrte-6pb.de\/haltung\/wp-json\/wp\/v2\/media?parent=3446"}],"curies":[{"name":"wp","href":"https:\/\/api.w.org\/{rel}","templated":true}]}}