{"id":3461,"date":"2017-08-22T11:09:40","date_gmt":"2017-08-22T11:09:40","guid":{"rendered":"http:\/\/www.landschildkroeten.de\/haltung\/?page_id=3461"},"modified":"2023-04-11T12:33:24","modified_gmt":"2023-04-11T12:33:24","slug":"eiablage-und-gelege-von-landschildkroeten","status":"publish","type":"page","link":"https:\/\/www.xn--landschildkrte-6pb.de\/haltung\/eiablage-und-gelege-von-landschildkroeten\/","title":{"rendered":"Eiablage und Gelege von Landschildkr\u00f6ten"},"content":{"rendered":"<div class=\"extra-wrap block_7\">\n<h3>Testudo hermanni boettgeri bei der Eiablage<\/h3>\n<p>Wenn die Paarung erfolgreich verlaufen ist, produziert das Weibchen Eier, welche an einem m\u00f6glichst sonnigen Standort vergraben werden. Griechische Landschildkr\u00f6ten ben\u00f6tigen nicht unbedingt einen Eiablageh\u00fcgel, da sie diese gerne auch in Senken ablegen. Die Tr\u00e4chtigkeit dauert etwa 4-6 Wochen. Bei der Eiablage graben sie mit ihren Hinterbeinen eine Grube, die so tief und breit ist, dass sie mit ihren Krallen keine Erde mehr wahrnehmen.<\/p>\n<div id=\"attachment_5984\" style=\"width: 614px\" class=\"wp-caption alignnone\"><img loading=\"lazy\" decoding=\"async\" aria-describedby=\"caption-attachment-5984\" class=\"wp-image-5984 size-large\" src=\"https:\/\/www.xn--landschildkrte-6pb.de\/haltung\/wp-content\/uploads\/2018\/02\/Schildkr\u00f6ten-Paarung-1024x682.jpg\" alt=\"\" width=\"604\" height=\"402\" srcset=\"https:\/\/www.xn--landschildkrte-6pb.de\/haltung\/wp-content\/uploads\/2018\/02\/Schildkr\u00f6ten-Paarung-1024x682.jpg 1024w, https:\/\/www.xn--landschildkrte-6pb.de\/haltung\/wp-content\/uploads\/2018\/02\/Schildkr\u00f6ten-Paarung-300x200.jpg 300w, https:\/\/www.xn--landschildkrte-6pb.de\/haltung\/wp-content\/uploads\/2018\/02\/Schildkr\u00f6ten-Paarung-768x512.jpg 768w, https:\/\/www.xn--landschildkrte-6pb.de\/haltung\/wp-content\/uploads\/2018\/02\/Schildkr\u00f6ten-Paarung.jpg 1280w\" sizes=\"auto, (max-width: 604px) 100vw, 604px\" \/><p id=\"caption-attachment-5984\" class=\"wp-caption-text\">Schildkr\u00f6ten bei der Paarung<\/p><\/div>\n<div id=\"attachment_6034\" style=\"width: 1290px\" class=\"wp-caption aligncenter\"><img loading=\"lazy\" decoding=\"async\" aria-describedby=\"caption-attachment-6034\" class=\"size-full wp-image-6034\" src=\"https:\/\/www.xn--landschildkrte-6pb.de\/haltung\/wp-content\/uploads\/2018\/03\/Landschildkr\u00f6te-bei-der-Paarung.jpg\" alt=\"\" width=\"1280\" height=\"853\" srcset=\"https:\/\/www.xn--landschildkrte-6pb.de\/haltung\/wp-content\/uploads\/2018\/03\/Landschildkr\u00f6te-bei-der-Paarung.jpg 1280w, https:\/\/www.xn--landschildkrte-6pb.de\/haltung\/wp-content\/uploads\/2018\/03\/Landschildkr\u00f6te-bei-der-Paarung-300x200.jpg 300w, https:\/\/www.xn--landschildkrte-6pb.de\/haltung\/wp-content\/uploads\/2018\/03\/Landschildkr\u00f6te-bei-der-Paarung-768x512.jpg 768w, https:\/\/www.xn--landschildkrte-6pb.de\/haltung\/wp-content\/uploads\/2018\/03\/Landschildkr\u00f6te-bei-der-Paarung-1024x682.jpg 1024w\" sizes=\"auto, (max-width: 1280px) 100vw, 1280px\" \/><p id=\"caption-attachment-6034\" class=\"wp-caption-text\">Landschildkr\u00f6ten M\u00e4nnchen bei der Paarung<\/p><\/div>\n<p>Die Eier treten dann aus der Kloake aus und werden mithilfe der Hinterbeine aufgefangen und vorsichtig in der Grube platziert. Wenn das letzte Ei gelegt wurde, wird die Grube genau so sorgf\u00e4ltig mit den Hinterbeinen wieder verschlossen wie sie ausgehoben wurde. Die <a href=\"https:\/\/www.xn--landschildkrte-6pb.de\/schildkroetenshop\/schildkroeten-bodengrund-erde\/\">lockere Erde<\/a> wird zwischendurch und besonders am Ende gut angedr\u00fcckt und mit dem Bauchpanzer glatt gemacht. Ihr Ziel ist, dass die Stelle wieder genau so aussieht wie vorher, weshalb Halter sehr h\u00e4ufig Eiablagen gar nicht mitbekommen. Besonders gut als Erde f\u00fcr den Eiablageh\u00fcgel eignet sich <a href=\"https:\/\/www.xn--landschildkrte-6pb.de\/schildkroetenshop\/schildkroeten-bodengrund-erde\/\">diese nat\u00fcrliche Spezial-Erde f\u00fcr Landschildkr\u00f6ten <\/a>von <a href=\"https:\/\/www.xn--schildkrten-yfb.net\/marke\/floragard\/\" target=\"_blank\" rel=\"noopener noreferrer\">Floragard<\/a> oder <a href=\"https:\/\/xn--schildkrten-yfb.de\/products\/linsor-schildkroetenerde-schildkroetensubstrat\" target=\"_blank\" rel=\"noopener\">Linsor Schildkr\u00f6tenerde<\/a>.<\/p>\n<div id=\"attachment_3462\" style=\"width: 650px\" class=\"wp-caption alignnone\"><a href=\"https:\/\/www.xn--landschildkrte-6pb.de\/haltung\/wp-content\/uploads\/2017\/08\/Testudo-hermanni-boettgeri-bei-der-Eiablage.jpg\"><img loading=\"lazy\" decoding=\"async\" aria-describedby=\"caption-attachment-3462\" class=\"wp-image-3462 size-full\" src=\"https:\/\/www.xn--landschildkrte-6pb.de\/haltung\/wp-content\/uploads\/2017\/08\/Testudo-hermanni-boettgeri-bei-der-Eiablage.jpg\" alt=\"\" width=\"640\" height=\"480\" srcset=\"https:\/\/www.xn--landschildkrte-6pb.de\/haltung\/wp-content\/uploads\/2017\/08\/Testudo-hermanni-boettgeri-bei-der-Eiablage.jpg 640w, https:\/\/www.xn--landschildkrte-6pb.de\/haltung\/wp-content\/uploads\/2017\/08\/Testudo-hermanni-boettgeri-bei-der-Eiablage-300x225.jpg 300w, https:\/\/www.xn--landschildkrte-6pb.de\/haltung\/wp-content\/uploads\/2017\/08\/Testudo-hermanni-boettgeri-bei-der-Eiablage-200x150.jpg 200w\" sizes=\"auto, (max-width: 640px) 100vw, 640px\" \/><\/a><p id=\"caption-attachment-3462\" class=\"wp-caption-text\">Schildkr\u00f6te gr\u00e4bt eine Eigrube<\/p><\/div>\n<div id=\"attachment_7261\" style=\"width: 614px\" class=\"wp-caption aligncenter\"><img loading=\"lazy\" decoding=\"async\" aria-describedby=\"caption-attachment-7261\" class=\"wp-image-7261 size-large\" src=\"https:\/\/www.xn--landschildkrte-6pb.de\/haltung\/wp-content\/uploads\/2019\/08\/Schildkr\u00f6te-bei-der-Eiablage-1024x768.jpg\" alt=\"\" width=\"604\" height=\"453\" srcset=\"https:\/\/www.xn--landschildkrte-6pb.de\/haltung\/wp-content\/uploads\/2019\/08\/Schildkr\u00f6te-bei-der-Eiablage-1024x768.jpg 1024w, https:\/\/www.xn--landschildkrte-6pb.de\/haltung\/wp-content\/uploads\/2019\/08\/Schildkr\u00f6te-bei-der-Eiablage-300x225.jpg 300w, https:\/\/www.xn--landschildkrte-6pb.de\/haltung\/wp-content\/uploads\/2019\/08\/Schildkr\u00f6te-bei-der-Eiablage-768x576.jpg 768w, https:\/\/www.xn--landschildkrte-6pb.de\/haltung\/wp-content\/uploads\/2019\/08\/Schildkr\u00f6te-bei-der-Eiablage-200x150.jpg 200w, https:\/\/www.xn--landschildkrte-6pb.de\/haltung\/wp-content\/uploads\/2019\/08\/Schildkr\u00f6te-bei-der-Eiablage.jpg 1600w\" sizes=\"auto, (max-width: 604px) 100vw, 604px\" \/><p id=\"caption-attachment-7261\" class=\"wp-caption-text\">Schildkr\u00f6te bei der Eiablage<\/p><\/div>\n<h3>Eier von Testudo hermanni boettgeri<\/h3>\n<div id=\"attachment_3463\" style=\"width: 650px\" class=\"wp-caption alignnone\"><a href=\"https:\/\/www.xn--landschildkrte-6pb.de\/haltung\/wp-content\/uploads\/2017\/08\/Testudo-hermanni-boettgeri-Eier.jpg\"><img loading=\"lazy\" decoding=\"async\" aria-describedby=\"caption-attachment-3463\" class=\"wp-image-3463 size-full\" src=\"https:\/\/www.xn--landschildkrte-6pb.de\/haltung\/wp-content\/uploads\/2017\/08\/Testudo-hermanni-boettgeri-Eier.jpg\" alt=\"\" width=\"640\" height=\"480\" srcset=\"https:\/\/www.xn--landschildkrte-6pb.de\/haltung\/wp-content\/uploads\/2017\/08\/Testudo-hermanni-boettgeri-Eier.jpg 640w, https:\/\/www.xn--landschildkrte-6pb.de\/haltung\/wp-content\/uploads\/2017\/08\/Testudo-hermanni-boettgeri-Eier-300x225.jpg 300w, https:\/\/www.xn--landschildkrte-6pb.de\/haltung\/wp-content\/uploads\/2017\/08\/Testudo-hermanni-boettgeri-Eier-200x150.jpg 200w\" sizes=\"auto, (max-width: 640px) 100vw, 640px\" \/><\/a><p id=\"caption-attachment-3463\" class=\"wp-caption-text\">Schildkr\u00f6teneier<\/p><\/div>\n<p>Die Gr\u00f6\u00dfe der Eier ist abh\u00e4ngig von der Gr\u00f6\u00dfe und dem Alter des Tieres sowie von der Anzahl der Eier.<\/p>\n<h3>Gelege<\/h3>\n<div id=\"attachment_3464\" style=\"width: 650px\" class=\"wp-caption alignnone\"><a href=\"https:\/\/www.xn--landschildkrte-6pb.de\/haltung\/wp-content\/uploads\/2017\/08\/Gelege.jpg\"><img loading=\"lazy\" decoding=\"async\" aria-describedby=\"caption-attachment-3464\" class=\"wp-image-3464 size-full\" src=\"https:\/\/www.xn--landschildkrte-6pb.de\/haltung\/wp-content\/uploads\/2017\/08\/Gelege.jpg\" alt=\"\" width=\"640\" height=\"480\" srcset=\"https:\/\/www.xn--landschildkrte-6pb.de\/haltung\/wp-content\/uploads\/2017\/08\/Gelege.jpg 640w, https:\/\/www.xn--landschildkrte-6pb.de\/haltung\/wp-content\/uploads\/2017\/08\/Gelege-300x225.jpg 300w, https:\/\/www.xn--landschildkrte-6pb.de\/haltung\/wp-content\/uploads\/2017\/08\/Gelege-200x150.jpg 200w\" sizes=\"auto, (max-width: 640px) 100vw, 640px\" \/><\/a><p id=\"caption-attachment-3464\" class=\"wp-caption-text\">Schildkr\u00f6tengelege<\/p><\/div>\n<p>Beim \u00d6ffnen des Geleges muss man sehr vorsichtig vorgehen und sollte die Eier an der obersten Stelle mit einem weichen Bleistift markieren, denn die Eier d\u00fcrfen nun nicht gedreht werden. Der Embryo liegt auf seinem Dottersack und ver\u00e4ndert man die Position von dem Ei, wird er von dem Eigelb erdr\u00fcckt und stirbt ab.<\/p>\n<h3>Inkubator mit Eiern von Testudo hermanni boettgeri<\/h3>\n<p>Das Ausbr\u00fcten der Eier erfolgt in einem Inkubator bei 32-32,5\u00b0C, um m\u00f6glichst weibliche Tiere nachzuz\u00fcchten. Eine Nachtabsenkung ist nicht zwingend notwendig, w\u00fcrde aber den nat\u00fcrlichen Bedingungen entsprechen.<\/p>\n<p><a href=\"https:\/\/www.xn--landschildkrte-6pb.de\/haltung\/wp-content\/uploads\/2017\/08\/Inkubator-mit-Eiern-von-Testudo-hermanni-boettgeri.gif\"><img loading=\"lazy\" decoding=\"async\" class=\"alignnone size-full wp-image-3465\" src=\"https:\/\/www.xn--landschildkrte-6pb.de\/haltung\/wp-content\/uploads\/2017\/08\/Inkubator-mit-Eiern-von-Testudo-hermanni-boettgeri.gif\" alt=\"\" width=\"640\" height=\"480\" \/><\/a><br \/>\n<a href=\"https:\/\/www.xn--schildkrten-yfb.net\/produkt\/inkubator-fuer-schildkroeten-brutkasten-standard-fuer-schildkroeten-eier-41x41x21cm\/\" title=\"Inkubator f\u00fcr Schildkr\u00f6ten kaufen\" class=\"btn btn-primary btn-normal btn-inline \" target=\"_blank\"><i class=\"icon-shopping-cart\"><\/i>Inkubator f\u00fcr Schildkr\u00f6ten kaufen<\/a><!-- .btn --><div class=\"hr\"><\/div><!-- .hr (end) -->\nNach 53-65 Tagen schl\u00fcpfen kleinen Schildkr\u00f6ten mithilfe von ihrem Eizahn aus den Eiern. Der Schlupf kann von einigen Stunden bis hin zu 2 Tagen dauern.<\/p>\n<div id=\"attachment_3427\" style=\"width: 810px\" class=\"wp-caption alignnone\"><a href=\"https:\/\/www.xn--landschildkrte-6pb.de\/haltung\/wp-content\/uploads\/2017\/08\/Schlupf.jpg\"><img loading=\"lazy\" decoding=\"async\" aria-describedby=\"caption-attachment-3427\" class=\"wp-image-3427 size-full\" src=\"https:\/\/www.xn--landschildkrte-6pb.de\/haltung\/wp-content\/uploads\/2017\/08\/Schlupf.jpg\" alt=\"\" width=\"800\" height=\"558\" srcset=\"https:\/\/www.xn--landschildkrte-6pb.de\/haltung\/wp-content\/uploads\/2017\/08\/Schlupf.jpg 800w, https:\/\/www.xn--landschildkrte-6pb.de\/haltung\/wp-content\/uploads\/2017\/08\/Schlupf-300x209.jpg 300w, https:\/\/www.xn--landschildkrte-6pb.de\/haltung\/wp-content\/uploads\/2017\/08\/Schlupf-768x536.jpg 768w\" sizes=\"auto, (max-width: 800px) 100vw, 800px\" \/><\/a><p id=\"caption-attachment-3427\" class=\"wp-caption-text\">Schildkr\u00f6ten beim Schlupf<\/p><\/div>\n<p><img loading=\"lazy\" decoding=\"async\" class=\"aligncenter size-large wp-image-7262\" src=\"https:\/\/www.xn--landschildkrte-6pb.de\/haltung\/wp-content\/uploads\/2019\/08\/Schlupf-Griechische-Landschildkr\u00f6te-1024x768.jpeg\" alt=\"\" width=\"604\" height=\"453\" srcset=\"https:\/\/www.xn--landschildkrte-6pb.de\/haltung\/wp-content\/uploads\/2019\/08\/Schlupf-Griechische-Landschildkr\u00f6te-1024x768.jpeg 1024w, https:\/\/www.xn--landschildkrte-6pb.de\/haltung\/wp-content\/uploads\/2019\/08\/Schlupf-Griechische-Landschildkr\u00f6te-300x225.jpeg 300w, https:\/\/www.xn--landschildkrte-6pb.de\/haltung\/wp-content\/uploads\/2019\/08\/Schlupf-Griechische-Landschildkr\u00f6te-768x576.jpeg 768w, https:\/\/www.xn--landschildkrte-6pb.de\/haltung\/wp-content\/uploads\/2019\/08\/Schlupf-Griechische-Landschildkr\u00f6te-200x150.jpeg 200w, https:\/\/www.xn--landschildkrte-6pb.de\/haltung\/wp-content\/uploads\/2019\/08\/Schlupf-Griechische-Landschildkr\u00f6te.jpeg 1600w\" sizes=\"auto, (max-width: 604px) 100vw, 604px\" \/>Schlupf Griechische Landschildkr\u00f6te<br \/>\n<\/div>\n","protected":false},"excerpt":{"rendered":"","protected":false},"author":1,"featured_media":3462,"parent":0,"menu_order":0,"comment_status":"closed","ping_status":"closed","template":"","meta":{"_exactmetrics_skip_tracking":false,"_exactmetrics_sitenote_active":false,"_exactmetrics_sitenote_note":"","_exactmetrics_sitenote_category":0,"footnotes":""},"class_list":["post-3461","page","type-page","status-publish","has-post-thumbnail","hentry"],"aioseo_notices":[],"publishpress_future_action":{"enabled":false,"date":"2026-04-29 11:39:45","action":"change-status","newStatus":"draft","terms":[],"taxonomy":"","extraData":[]},"publishpress_future_workflow_manual_trigger":{"enabledWorkflows":[]},"_links":{"self":[{"href":"https:\/\/www.xn--landschildkrte-6pb.de\/haltung\/wp-json\/wp\/v2\/pages\/3461","targetHints":{"allow":["GET"]}}],"collection":[{"href":"https:\/\/www.xn--landschildkrte-6pb.de\/haltung\/wp-json\/wp\/v2\/pages"}],"about":[{"href":"https:\/\/www.xn--landschildkrte-6pb.de\/haltung\/wp-json\/wp\/v2\/types\/page"}],"author":[{"embeddable":true,"href":"https:\/\/www.xn--landschildkrte-6pb.de\/haltung\/wp-json\/wp\/v2\/users\/1"}],"replies":[{"embeddable":true,"href":"https:\/\/www.xn--landschildkrte-6pb.de\/haltung\/wp-json\/wp\/v2\/comments?post=3461"}],"version-history":[{"count":18,"href":"https:\/\/www.xn--landschildkrte-6pb.de\/haltung\/wp-json\/wp\/v2\/pages\/3461\/revisions"}],"predecessor-version":[{"id":20221,"href":"https:\/\/www.xn--landschildkrte-6pb.de\/haltung\/wp-json\/wp\/v2\/pages\/3461\/revisions\/20221"}],"wp:featuredmedia":[{"embeddable":true,"href":"https:\/\/www.xn--landschildkrte-6pb.de\/haltung\/wp-json\/wp\/v2\/media\/3462"}],"wp:attachment":[{"href":"https:\/\/www.xn--landschildkrte-6pb.de\/haltung\/wp-json\/wp\/v2\/media?parent=3461"}],"curies":[{"name":"wp","href":"https:\/\/api.w.org\/{rel}","templated":true}]}}