{"id":3716,"date":"2017-10-05T10:40:51","date_gmt":"2017-10-05T10:40:51","guid":{"rendered":"https:\/\/www.landschildkroeten.de\/haltung\/?page_id=3716"},"modified":"2020-09-08T04:37:23","modified_gmt":"2020-09-08T04:37:23","slug":"dachrinne-am-fruehbeet-fuer-eine-automatische-bewaesserung","status":"publish","type":"page","link":"https:\/\/www.xn--landschildkrte-6pb.de\/haltung\/dachrinne-am-fruehbeet-fuer-eine-automatische-bewaesserung\/","title":{"rendered":"Dachrinne am Fr\u00fchbeet f\u00fcr eine automatische Bew\u00e4sserung"},"content":{"rendered":"<div class=\"extra-wrap block_7\">\nDa auch Landschildkr\u00f6ten regelm\u00e4\u00dfig Wasser (am besten Regenwasser) ben\u00f6tigen, muss man nat\u00fcrlich regelm\u00e4\u00dfig die Trinkschale der Landschildkr\u00f6ten nachf\u00fcllen. Dies kann man sich sehr viel einfacher machen. Mir kam die Idee, dies mittels einer kleinen Fr\u00fchbeet-Dachrinne zu automatisieren, so dass bei jedem Regen die Schale mit frischem Regenwasser bef\u00fcllt wird.<\/p>\n<div id=\"attachment_3718\" style=\"width: 3274px\" class=\"wp-caption alignnone\"><a href=\"https:\/\/www.xn--landschildkrte-6pb.de\/haltung\/wp-content\/uploads\/2017\/10\/automatische-Fr\u00fchbeet-Bew\u00e4sserung.jpg\"><img loading=\"lazy\" decoding=\"async\" aria-describedby=\"caption-attachment-3718\" class=\"size-full wp-image-3718\" src=\"https:\/\/www.xn--landschildkrte-6pb.de\/haltung\/wp-content\/uploads\/2017\/10\/automatische-Fr\u00fchbeet-Bew\u00e4sserung.jpg\" alt=\"\" width=\"3264\" height=\"1836\" srcset=\"https:\/\/www.xn--landschildkrte-6pb.de\/haltung\/wp-content\/uploads\/2017\/10\/automatische-Fr\u00fchbeet-Bew\u00e4sserung.jpg 3264w, https:\/\/www.xn--landschildkrte-6pb.de\/haltung\/wp-content\/uploads\/2017\/10\/automatische-Fr\u00fchbeet-Bew\u00e4sserung-300x169.jpg 300w, https:\/\/www.xn--landschildkrte-6pb.de\/haltung\/wp-content\/uploads\/2017\/10\/automatische-Fr\u00fchbeet-Bew\u00e4sserung-768x432.jpg 768w, https:\/\/www.xn--landschildkrte-6pb.de\/haltung\/wp-content\/uploads\/2017\/10\/automatische-Fr\u00fchbeet-Bew\u00e4sserung-1024x576.jpg 1024w\" sizes=\"auto, (max-width: 3264px) 100vw, 3264px\" \/><\/a><p id=\"caption-attachment-3718\" class=\"wp-caption-text\">Automatische Fr\u00fchbeet-Bew\u00e4sserung<\/p><\/div>\n<a href=\"https:\/\/www.xn--schildkrten-yfb.net\/produkt\/trinkschale-griechische-landschildkroeten\/\" title=\"Trinkschale kaufen\" class=\"btn btn-primary btn-normal btn-inline \" target=\"_blank\"><i class=\"icon-shopping-cart\"><\/i>Trinkschale kaufen<\/a><!-- .btn --><div class=\"hr\"><\/div><!-- .hr (end) -->\n<p>Alles was ich daf\u00fcr ben\u00f6tigt habe, habe ich im Baumarkt gefunden. Allerdings muss ich dazu sagen, dass ich ein Chelonium-Fr\u00fchbeet habe, welches auch au\u00dfen \u00fcberall Rillen hat, an denen man sehr einfach etwas befestigen kann. Aber auch f\u00fcr andere Fr\u00fchbeete gibt es eine L\u00f6sung. Hier muss man dann eben irgendwo ein paar kleine L\u00f6cher ins Fr\u00fchbeet bohren oder die Dachrinne ankleben. Da sie aus Kunststoff ist, hat sie ja kein hohes Gewicht.<\/p>\n<h3>Was ich ben\u00f6tigt habe:<\/h3>\n<ul>\n<li><a href=\"https:\/\/www.amazon.de\/exec\/obidos\/ASIN\/B01BYGD1BS\/landschildksu-21\" target=\"_blank\" rel=\"noopener noreferrer\">Dachrinne<\/a> aus Kunststoff<\/li>\n<li>2 Dachrinnenendst\u00fccke<\/li>\n<li>Ablaufstutzen<\/li>\n<li><a href=\"https:\/\/www.amazon.de\/exec\/obidos\/ASIN\/B01BYGDFD2\/landschildksu-21\" target=\"_blank\" rel=\"noopener noreferrer\">Regenfallrohrklappe<\/a><\/li>\n<li>eine kleine S\u00e4ge<\/li>\n<li><a href=\"https:\/\/www.amazon.de\/exec\/obidos\/ASIN\/B01I9UE5SA\/landschildksu-21\" target=\"_blank\" rel=\"noopener noreferrer\">Kleber<\/a><\/li>\n<li>Bohrer<\/li>\n<li><a href=\"https:\/\/www.amazon.de\/exec\/obidos\/ASIN\/B004TQK43E\/landschildksu-21\" target=\"_blank\" rel=\"noopener noreferrer\">Hammerkopfschrauben mit Mutter<\/a><\/li>\n<\/ul>\n<div id=\"attachment_3717\" style=\"width: 3274px\" class=\"wp-caption alignnone\"><a href=\"https:\/\/www.xn--landschildkrte-6pb.de\/haltung\/wp-content\/uploads\/2017\/10\/Dachrinne-Dachrinnenendst\u00fccke-Regenfallrohrklappe.jpg\"><img loading=\"lazy\" decoding=\"async\" aria-describedby=\"caption-attachment-3717\" class=\"size-full wp-image-3717\" src=\"https:\/\/www.xn--landschildkrte-6pb.de\/haltung\/wp-content\/uploads\/2017\/10\/Dachrinne-Dachrinnenendst\u00fccke-Regenfallrohrklappe.jpg\" alt=\"\" width=\"3264\" height=\"1836\" srcset=\"https:\/\/www.xn--landschildkrte-6pb.de\/haltung\/wp-content\/uploads\/2017\/10\/Dachrinne-Dachrinnenendst\u00fccke-Regenfallrohrklappe.jpg 3264w, https:\/\/www.xn--landschildkrte-6pb.de\/haltung\/wp-content\/uploads\/2017\/10\/Dachrinne-Dachrinnenendst\u00fccke-Regenfallrohrklappe-300x169.jpg 300w, https:\/\/www.xn--landschildkrte-6pb.de\/haltung\/wp-content\/uploads\/2017\/10\/Dachrinne-Dachrinnenendst\u00fccke-Regenfallrohrklappe-768x432.jpg 768w, https:\/\/www.xn--landschildkrte-6pb.de\/haltung\/wp-content\/uploads\/2017\/10\/Dachrinne-Dachrinnenendst\u00fccke-Regenfallrohrklappe-1024x576.jpg 1024w\" sizes=\"auto, (max-width: 3264px) 100vw, 3264px\" \/><\/a><p id=\"caption-attachment-3717\" class=\"wp-caption-text\">Der Einkauf im Baumarkt (der Rest war bereits vorhanden)<\/p><\/div>\n<h3>Was man mit einem anderen Fr\u00fchbeet (ohne Rillen au\u00dfen) ben\u00f6tigt:<\/h3>\n<ul>\n<li>Dachrinne aus Kunststoff<\/li>\n<li>Dachrinnenhalter<\/li>\n<li>2 Dachrinnenendst\u00fccke<\/li>\n<li>Ablaufstutzen<\/li>\n<li>Regenfallrohrklappe<\/li>\n<li>eine kleine S\u00e4ge<\/li>\n<li>Kleber<\/li>\n<li>Bohrer<\/li>\n<li>Schrauben<\/li>\n<\/ul>\n<h3>Die Arbeiten waren eine Sache von wenigen Minuten<\/h3>\n<p>Die Dachrinne habe ich so mit einer kleinen S\u00e4ge zuges\u00e4gt, dass ich den Ablaufstutzen (Mittelst\u00fcck f\u00fcr das Fallrohr) links vom Fr\u00fchbeet-Eingang, wo sich die Trinkschale befindet, integrieren konnte. Damit alles dicht ist und nicht \u00fcberall tropft, sollte man alle Verbindungen mit dem Kleber abdichten.<\/p>\n<div id=\"attachment_3719\" style=\"width: 3274px\" class=\"wp-caption alignnone\"><a href=\"https:\/\/www.xn--landschildkrte-6pb.de\/haltung\/wp-content\/uploads\/2017\/10\/Dachrinne-mit-Regenfallrohrklappe.jpg\"><img loading=\"lazy\" decoding=\"async\" aria-describedby=\"caption-attachment-3719\" class=\"size-full wp-image-3719\" src=\"https:\/\/www.xn--landschildkrte-6pb.de\/haltung\/wp-content\/uploads\/2017\/10\/Dachrinne-mit-Regenfallrohrklappe.jpg\" alt=\"\" width=\"3264\" height=\"1836\" srcset=\"https:\/\/www.xn--landschildkrte-6pb.de\/haltung\/wp-content\/uploads\/2017\/10\/Dachrinne-mit-Regenfallrohrklappe.jpg 3264w, https:\/\/www.xn--landschildkrte-6pb.de\/haltung\/wp-content\/uploads\/2017\/10\/Dachrinne-mit-Regenfallrohrklappe-300x169.jpg 300w, https:\/\/www.xn--landschildkrte-6pb.de\/haltung\/wp-content\/uploads\/2017\/10\/Dachrinne-mit-Regenfallrohrklappe-768x432.jpg 768w, https:\/\/www.xn--landschildkrte-6pb.de\/haltung\/wp-content\/uploads\/2017\/10\/Dachrinne-mit-Regenfallrohrklappe-1024x576.jpg 1024w\" sizes=\"auto, (max-width: 3264px) 100vw, 3264px\" \/><\/a><p id=\"caption-attachment-3719\" class=\"wp-caption-text\">Dachrinne mit Regenfallrohrklappe<\/p><\/div>\n<p>In die Rinne selbst habe ich vier kleine L\u00f6cher (6 )mm gebohrt und habe mit dem dazugeh\u00f6rigen Kleber den Ablaufstutzen und die Regenfallrohrklappe befestigt und abgedichtet. Nun konnte ich mit vier Hammerkopfschrauben und Muttern die Dachrinne ganz einfach direkt unter dem Fr\u00fchbeetdeckel anbringen.<\/p>\n<p>K\u00fcnftig flie\u00dft also der gesamte Regen, der auf den Deckel f\u00e4llt, gesammelt in die Dachrinne und landet durch die Regenfallrohrklappe direkt in der Trinkschale f\u00fcr die Schildkr\u00f6ten. Dadurch wird diese immer wieder automatisch und ohne jeden Aufwand neu bef\u00fcllt.<\/p>\n<div id=\"attachment_3720\" style=\"width: 3274px\" class=\"wp-caption alignnone\"><a href=\"https:\/\/www.xn--landschildkrte-6pb.de\/haltung\/wp-content\/uploads\/2017\/10\/Dachrinne-ohne-Dachrinnenhalter.jpg\"><img loading=\"lazy\" decoding=\"async\" aria-describedby=\"caption-attachment-3720\" class=\"size-full wp-image-3720\" src=\"https:\/\/www.xn--landschildkrte-6pb.de\/haltung\/wp-content\/uploads\/2017\/10\/Dachrinne-ohne-Dachrinnenhalter.jpg\" alt=\"\" width=\"3264\" height=\"1836\" srcset=\"https:\/\/www.xn--landschildkrte-6pb.de\/haltung\/wp-content\/uploads\/2017\/10\/Dachrinne-ohne-Dachrinnenhalter.jpg 3264w, https:\/\/www.xn--landschildkrte-6pb.de\/haltung\/wp-content\/uploads\/2017\/10\/Dachrinne-ohne-Dachrinnenhalter-300x169.jpg 300w, https:\/\/www.xn--landschildkrte-6pb.de\/haltung\/wp-content\/uploads\/2017\/10\/Dachrinne-ohne-Dachrinnenhalter-768x432.jpg 768w, https:\/\/www.xn--landschildkrte-6pb.de\/haltung\/wp-content\/uploads\/2017\/10\/Dachrinne-ohne-Dachrinnenhalter-1024x576.jpg 1024w\" sizes=\"auto, (max-width: 3264px) 100vw, 3264px\" \/><\/a><p id=\"caption-attachment-3720\" class=\"wp-caption-text\">Befestigung ohne Dachrinnenhalter<\/p><\/div>\n<p><strong>Tipp:<\/strong> Hier geht es zu den <a href=\"https:\/\/www.xn--landschildkrte-6pb.de\/schildkroetenshop\/schildkroeten-fruehbeete\/\">Top 6 Fr\u00fchbeeten<\/a>.<br \/>\n<\/div>\n","protected":false},"excerpt":{"rendered":"","protected":false},"author":1,"featured_media":3719,"parent":0,"menu_order":0,"comment_status":"closed","ping_status":"closed","template":"","meta":{"_exactmetrics_skip_tracking":false,"_exactmetrics_sitenote_active":false,"_exactmetrics_sitenote_note":"","_exactmetrics_sitenote_category":0,"footnotes":""},"class_list":["post-3716","page","type-page","status-publish","has-post-thumbnail","hentry"],"aioseo_notices":[],"publishpress_future_action":{"enabled":false,"date":"2026-04-23 08:27:49","action":"change-status","newStatus":"draft","terms":[],"taxonomy":"","extraData":[]},"publishpress_future_workflow_manual_trigger":{"enabledWorkflows":[]},"_links":{"self":[{"href":"https:\/\/www.xn--landschildkrte-6pb.de\/haltung\/wp-json\/wp\/v2\/pages\/3716","targetHints":{"allow":["GET"]}}],"collection":[{"href":"https:\/\/www.xn--landschildkrte-6pb.de\/haltung\/wp-json\/wp\/v2\/pages"}],"about":[{"href":"https:\/\/www.xn--landschildkrte-6pb.de\/haltung\/wp-json\/wp\/v2\/types\/page"}],"author":[{"embeddable":true,"href":"https:\/\/www.xn--landschildkrte-6pb.de\/haltung\/wp-json\/wp\/v2\/users\/1"}],"replies":[{"embeddable":true,"href":"https:\/\/www.xn--landschildkrte-6pb.de\/haltung\/wp-json\/wp\/v2\/comments?post=3716"}],"version-history":[{"count":11,"href":"https:\/\/www.xn--landschildkrte-6pb.de\/haltung\/wp-json\/wp\/v2\/pages\/3716\/revisions"}],"predecessor-version":[{"id":10211,"href":"https:\/\/www.xn--landschildkrte-6pb.de\/haltung\/wp-json\/wp\/v2\/pages\/3716\/revisions\/10211"}],"wp:featuredmedia":[{"embeddable":true,"href":"https:\/\/www.xn--landschildkrte-6pb.de\/haltung\/wp-json\/wp\/v2\/media\/3719"}],"wp:attachment":[{"href":"https:\/\/www.xn--landschildkrte-6pb.de\/haltung\/wp-json\/wp\/v2\/media?parent=3716"}],"curies":[{"name":"wp","href":"https:\/\/api.w.org\/{rel}","templated":true}]}}