{"id":4359,"date":"2017-11-02T14:05:04","date_gmt":"2017-11-02T14:05:04","guid":{"rendered":"https:\/\/www.landschildkroeten.de\/haltung\/?page_id=4359"},"modified":"2023-03-02T03:28:15","modified_gmt":"2023-03-02T03:28:15","slug":"schildkroeten-shop","status":"publish","type":"page","link":"https:\/\/www.xn--landschildkrte-6pb.de\/haltung\/schildkroetenshop\/schildkroeten-shop\/","title":{"rendered":"Schildkr\u00f6ten-Shop"},"content":{"rendered":"<div class=\"extra-wrap block_7\">\n<h3>Hier findest du das Schildkr\u00f6ten-Shop Trendbarometer des Jahres 2026<\/h3>\n<p><img loading=\"lazy\" decoding=\"async\" class=\"alignright wp-image-4381 size-full\" src=\"https:\/\/www.xn--landschildkrte-6pb.de\/haltung\/wp-content\/uploads\/2017\/11\/schildkroeten-shop.png\" alt=\"\" width=\"448\" height=\"456\" srcset=\"https:\/\/www.xn--landschildkrte-6pb.de\/haltung\/wp-content\/uploads\/2017\/11\/schildkroeten-shop.png 448w, https:\/\/www.xn--landschildkrte-6pb.de\/haltung\/wp-content\/uploads\/2017\/11\/schildkroeten-shop-295x300.png 295w\" sizes=\"auto, (max-width: 448px) 100vw, 448px\" \/> Interessiert dich, was andere Schildkr\u00f6tenhalter am meisten im Schildkr\u00f6ten-Shop bestellen? Hier handelt es sich um die <strong>10 h\u00e4ufigsten Bestellungen des Jahres<\/strong> von Schildkr\u00f6ten-Haltern - nach Auswertung durch Landschildkroeten.de. Inklusive einer kurzen Beschreibung, wof\u00fcr dieser Artikel eingesetzt wird.<\/p>\n<p>Es handelt sich hier um jegliches Schildkr\u00f6ten-Zubeh\u00f6r aus unterschiedlichsten Bereichen rund um <a href=\"https:\/\/www.xn--landschildkrte-6pb.de\/schildkroetenshop\/schildkroeten-futter\/\">Futter<\/a> (auch Pflanzen und <a href=\"https:\/\/www.xn--landschildkrte-6pb.de\/schildkroetenshop\/wildkraeuter\/\">Saatgut<\/a>), Terrarium, Substrat, Technik (<a href=\"https:\/\/www.xn--landschildkrte-6pb.de\/schildkroetenshop\/licht-beleuchtung\/\">Beleuchtung<\/a>, Heizung, Thermostate...), <a href=\"https:\/\/www.xn--landschildkrte-6pb.de\/schildkroetenshop\/schildkroeten-fruehbeete\/\">Fr\u00fchbeete<\/a>, Verstecke, <a href=\"https:\/\/www.xn--landschildkrte-6pb.de\/schildkroetenshop\/buecher\/\">B\u00fccher<\/a>, <a href=\"https:\/\/www.xn--landschildkrte-6pb.de\/schildkroetenshop\/schildkroeten-bodengrund-erde\/\">Substrate<\/a>, <a href=\"https:\/\/www.xn--landschildkrte-6pb.de\/schildkroetenshop\/freilaufgehege\/\">Freilaufgehege f\u00fcr Babyschildkr\u00f6ten<\/a> und <a href=\"https:\/\/www.xn--landschildkrte-6pb.de\/schildkroetenshop\/schildkroeten-geschenkideen\/\">Geschenkideen<\/a>.<\/p>\n<ol>\n<li>Platz: Der <a href=\"https:\/\/xn--schildkrten-yfb.de\/products\/thermo-timer-schildkroeten\" target=\"_blank\" rel=\"noopener\">Thermo-Timer<\/a> ist mit Abstand der am h\u00e4ufigsten bestellte Artikel des Jahres. Dieses Zubeh\u00f6r geh\u00f6rt zur elementaren Ausstattung in der Fr\u00fchbeet-Technik f\u00fcr Schildkr\u00f6ten.<br>\n<a href=\"https:\/\/xn--schildkrten-yfb.de\/products\/thermo-timer-schildkroeten\" title=\"Thermo-Timer bestellen\" class=\"btn btn-primary btn-normal btn-inline \" target=\"_blank\"><i class=\"icon-shopping-cart\"><\/i>Thermo-Timer bestellen<\/a><!-- .btn -->\n<a href=\"https:\/\/www.xn--landschildkrte-6pb.de\/haltung\/beleuchtung\/fruehbeet-technik-fuer-griechische-landschildkroeten\/\" title=\"Mehr zur Fr\u00fchbeet-Technik\" class=\"btn btn-primary btn-normal btn-inline \" target=\"_blank\"><i class=\"icon-arrow-right\"><\/i>Mehr zur Fr\u00fchbeet-Technik<\/a><!-- .btn --><div class=\"hr\"><\/div><!-- .hr (end) --><\/li>\n<li>Platz: Auf den zweiten Platz schafft es der <a href=\"https:\/\/www.xn--schildkrten-yfb.de\/products\/waermelampe-par38\" target=\"_blank\" rel=\"noopener noreferrer\">PAR38 Spotstrahler<\/a>. Der PAR38 geh\u00f6rt zum wichtigsten Zubeh\u00f6r zum Thema Beleuchtung im <a href=\"https:\/\/xn--schildkrten-yfb.de\/collections\/landschildkroeten-fruehbeete\" target=\"_blank\" rel=\"noopener\">Schildkr\u00f6ten-Fr\u00fchbeet<\/a>. Auch hierzu mehr unter <a href=\"https:\/\/www.xn--landschildkrte-6pb.de\/beleuchtung\/fruehbeet-technik-fuer-griechische-landschildkroeten\/\">Fr\u00fchbeet-Technik.<\/a><br>\n<a href=\"https:\/\/www.xn--schildkrten-yfb.de\/products\/waermelampe-par38\" title=\"PAR38 kaufen\" class=\"btn btn-primary btn-normal btn-inline \" target=\"_blank\"><i class=\"icon-shopping-cart\"><\/i>PAR38 kaufen<\/a><!-- .btn --><div class=\"hr\"><\/div><!-- .hr (end) --><\/li>\n<li><span style=\"font-size: inherit;\">Platz: Der <a href=\"https:\/\/www.xn--schildkrten-yfb.net\/produkt\/hobby-37085-elstein-waermestrahler-iot-75-100-w\/\" target=\"_blank\" rel=\"noopener noreferrer\">Elstein W\u00e4rmestrahler<\/a> hat quasi die gleiche Bedeutung wie der PAR38. Mit dem einzigen Unterschied, dass der Elsteinstrahler kein Licht, sondern nur W\u00e4rme, abgibt und damit f\u00fcr die Nachtbeheizung im <\/span><a style=\"font-size: inherit;\" href=\"https:\/\/www.xn--landschildkrte-6pb.de\/schildkroeten-fruehbeet-alltop\/\">Fr\u00fchbeet<\/a><span style=\"font-size: inherit;\"> zust\u00e4ndig ist.<br>\n<a href=\"https:\/\/www.xn--schildkrten-yfb.net\/produkt\/hobby-37085-elstein-waermestrahler-iot-75-100-w\/\" title=\"Elstein-W\u00e4rmestrahler kaufen\" class=\"btn btn-primary btn-normal btn-inline \" target=\"_blank\"><i class=\"icon-arrow-right\"><\/i>Elstein-W\u00e4rmestrahler kaufen<\/a><!-- .btn --><div class=\"hr\"><\/div><!-- .hr (end) -->\n<\/span><\/li>\n<li><span style=\"font-size: inherit;\">Platz: Betrachtet man die vorderen Pl\u00e4tze, ist es wenig \u00fcberraschend, dass eine passende <a href=\"https:\/\/xn--schildkrten-yfb.de\/products\/keramikfassung-par38-elsteinstrahler\" target=\"_blank\" rel=\"noopener noreferrer\">Lampenhalterung mit Porzellanfassung<\/a> auf Platz 4 folgt.<br>\n<a href=\"https:\/\/xn--schildkrten-yfb.de\/products\/keramikfassung-par38-elsteinstrahler\" title=\"Lampenhalterung Bestellung\" class=\"btn btn-primary btn-normal btn-inline \" target=\"_blank\"><i class=\"icon-shopping-cart\"><\/i>Lampenhalterung Bestellung<\/a><!-- .btn --><div class=\"hr\"><\/div><!-- .hr (end) -->\n<\/span><\/li>\n<li><span style=\"font-size: inherit;\">Platz: V\u00f6llig verdient landet ein <\/span><a style=\"font-size: inherit;\" href=\"https:\/\/www.xn--landschildkrte-6pb.de\/haltung\/schildkroetenshop\/buecher\/\">Schildkr\u00f6tenbuch<\/a><span style=\"font-size: inherit;\"> auf Platz 5. Ein tolles Nachschlagewerk auch f\u00fcr erfahrene Halter und ein Muss f\u00fcr jeden, der eine Schildkr\u00f6te kaufen m\u00f6chte ist das Buch \"Fester Panzer \u2013 weiches Herz\":<br>\n<a href=\"https:\/\/xn--schildkrten-yfb.de\/products\/fester-panzer-weiches-herz-buch-von-thorsten-geier-14-80\" title=\"Fester Panzer \u2013 weiches Herz bei Schildkr\u00f6ten.de\" class=\"btn btn-primary btn-normal btn-inline \" target=\"_blank\"><i class=\"icon-shopping-cart\"><\/i>Fester Panzer \u2013 weiches Herz bei Schildkr\u00f6ten.de<\/a><!-- .btn --><div class=\"hr\"><\/div><!-- .hr (end) -->\n<\/span><\/li>\n<li>Platz: <span style=\"font-size: inherit;\"><a href=\"https:\/\/xn--schildkrten-yfb.de\/products\/agrobs-testudo-original-500\" target=\"_blank\" rel=\"noopener\">Pre Alpin Testudo<\/a> ist ein Futter f\u00fcr Landschildkr\u00f6ten. <\/span><a style=\"font-size: inherit;\" href=\"https:\/\/www.xn--landschildkrte-6pb.de\/haltung\/agrobs\/\">Agrobs f\u00fcr Schildkr\u00f6ten<\/a><span style=\"font-size: inherit;\"> geh\u00f6rt zu den sehr wenigen Futtermitteln, die neben frischem Gr\u00fcn gesund sind.<br>\n<a href=\"https:\/\/xn--schildkrten-yfb.de\/products\/agrobs-testudo-original-500\" title=\"Bestellung Agrobs \u2013 Pre Alpin Testudo Original 500 g\" class=\"btn btn-primary btn-normal btn-inline \" target=\"_blank\"><i class=\"icon-shopping-cart\"><\/i>Bestellung Agrobs \u2013 Pre Alpin Testudo Original 500 g<\/a><!-- .btn --><div class=\"hr\"><\/div><!-- .hr (end) -->\n<\/span><\/li>\n<li><span style=\"font-size: inherit;\">Platz: Kein <\/span><a style=\"font-size: inherit;\" href=\"https:\/\/www.xn--landschildkrte-6pb.de\/haltung\/schildkroeten-fruehbeet-alltop\/\">Schildkr\u00f6ten-Fr\u00fchbeet<\/a><span style=\"font-size: inherit;\"> sollte ohne automatischen <a href=\"https:\/\/xn--schildkrten-yfb.de\/products\/automatischer-oeffner-schildkroeten-fruehbeete-rollenausfuehrung\" target=\"_blank\" rel=\"noopener\">Fr\u00fchbeet-\u00d6ffner<\/a>&nbsp;betrieben werden. Ansonsten werden die Tiere im Sommer lebendig gekocht.<br>\n<a href=\"https:\/\/xn--schildkrten-yfb.de\/products\/automatischer-oeffner-schildkroeten-fruehbeete-rollenausfuehrung\" title=\"Fenster\u00f6ffner f\u00fcr Schildkr\u00f6ten-Fr\u00fchbeete bestellen\" class=\"btn btn-primary btn-normal btn-inline \" target=\"_blank\"><i class=\"icon-shopping-cart\"><\/i>Fenster\u00f6ffner f\u00fcr Schildkr\u00f6ten-Fr\u00fchbeete bestellen<\/a><!-- .btn -->\n<a href=\"https:\/\/www.xn--landschildkrte-6pb.de\/haltung\/schildkroeten-fruehbeet-alltop\/\" title=\"Mehr zur Wichtigkeit eines Fr\u00fchbeet-\u00d6ffners\" class=\"btn btn-primary btn-normal btn-inline \" target=\"_blank\"><i class=\"icon-arrow-right\"><\/i>Mehr zur Wichtigkeit eines Fr\u00fchbeet-\u00d6ffners<\/a><!-- .btn --><div class=\"hr\"><\/div><!-- .hr (end) -->\n<\/span><\/li>\n<li><span style=\"font-size: inherit;\">Platz: Auch wenn Europ\u00e4ische Landschildkr\u00f6ten nicht artgerecht ohne <\/span><a style=\"font-size: inherit;\" href=\"\/haltung\/gehege\/freigehege-gehege-fuer-landschildkroeten\/\">Freigehege<\/a><span style=\"font-size: inherit;\"> im Terrarium leben sollten, schafft es dieses <a href=\"https:\/\/www.xn--schildkrten-yfb.net\/produkt\/lucky-reptile-bright-sun-uv-desert-70-w-komplettset-metalldampflampe-inklusive-passende-fassung-und-vorschaltgeraet\/\" target=\"_blank\" rel=\"noopener noreferrer\">Beleuchtungs-Komplettset f\u00fcr Schildkr\u00f6ten<\/a> auf Platz 8.<br>\n<a href=\"https:\/\/www.xn--schildkrten-yfb.net\/produkt\/lucky-reptile-bright-sun-uv-desert-70-w-komplettset-metalldampflampe-inklusive-passende-fassung-und-vorschaltgeraet\/\" title=\"Lucky Reptile Bright Sun UV Desert bestellen\" class=\"btn btn-primary btn-normal btn-inline \" target=\"_blank\"><i class=\"icon-shopping-cart\"><\/i>Lucky Reptile Bright Sun UV Desert bestellen<\/a><!-- .btn -->\n<\/span><span style=\"font-size: inherit;\"><a href=\"https:\/\/www.xn--landschildkrte-6pb.de\/beleuchtung\/beleuchtung-lucky-reptile-bright-sun-desert\/\" title=\"Mehr zur richtigen Beleuchtung f\u00fcr Schildkr\u00f6ten\" class=\"btn btn-primary btn-normal btn-inline \" target=\"_blank\"><i class=\"icon-arrow-right\"><\/i>Mehr zur richtigen Beleuchtung f\u00fcr Schildkr\u00f6ten<\/a><!-- .btn --><div class=\"hr\"><\/div><!-- .hr (end) --><\/span><\/li>\n<li><span style=\"font-size: inherit;\">Platz: F\u00fcr den gesunden Panzer- und Knochenaufbau von Schildkr\u00f6ten sollte <\/span><a style=\"font-size: inherit;\" href=\"https:\/\/xn--schildkrten-yfb.de\/products\/sepiaschale\" target=\"_blank\" rel=\"noopener\">Sepiaschale<\/a><span style=\"font-size: inherit;\"> oder <a href=\"https:\/\/xn--schildkrten-yfb.de\/products\/algenkalk-bio-schildkroeten\" target=\"_blank\" rel=\"noopener\">Algenkalk<\/a> jederzeit zur Verf\u00fcgung stehen.<br>\n<a href=\"https:\/\/xn--schildkrten-yfb.de\/products\/sepiaschale\" title=\"Sepiaschale kaufen\" class=\"btn btn-primary btn-normal btn-inline \" target=\"_blank\"><i class=\"icon-shopping-cart\"><\/i>Sepiaschale kaufen<\/a><!-- .btn --><div class=\"hr\"><\/div><!-- .hr (end) -->\n<\/span><\/li>\n<li><span style=\"font-size: inherit;\">Platz: Dank seiner 16 mm ALLTOP-Plexiglas-Stegdoppelplatten ist dieses <\/span><a style=\"font-size: inherit;\" href=\"https:\/\/www.xn--landschildkrte-6pb.de\/schildkroeten-fruehbeet-alltop\/\">Fr\u00fchbeet<\/a><span style=\"font-size: inherit;\"> perfekt f\u00fcr Schildkr\u00f6ten geeignet: Es ist UV-durchl\u00e4ssig und isoliert hervorragend.<br>\n<a href=\"https:\/\/www.xn--landschildkrte-6pb.de\/schildkroeten-fruehbeet-alltop\/\" title=\"Schildkr\u00f6ten-Fr\u00fchbeet Alltop kaufen\" class=\"btn btn-primary btn-normal btn-inline \" target=\"_blank\"><i class=\"icon-arrow-right\"><\/i>Schildkr\u00f6ten-Fr\u00fchbeet Alltop kaufen<\/a><!-- .btn --><div class=\"hr\"><\/div><!-- .hr (end) -->\n<\/span><\/li>\n<\/ol>\n<h2>Unsere beiden Schildkr\u00f6tenshops<\/h2>\n<a href=\"https:\/\/schildkr\u00f6ten.de\/\" title=\"Zum Shop f\u00fcr Fr\u00fchbeete &amp; Schildkr\u00f6tenh\u00e4user\" class=\"btn btn-primary btn-normal btn-inline \" target=\"_blank\"><i class=\"icon-arrow-right\"><\/i>Zum Shop f\u00fcr Fr\u00fchbeete &amp; Schildkr\u00f6tenh\u00e4user<\/a><!-- .btn --> <a href=\"https:\/\/www.xn--schildkrten-yfb.net\/\" title=\"Zum Shop f\u00fcr weiteres Zubeh\u00f6r\" class=\"btn btn-primary btn-normal btn-inline \" target=\"_blank\"><i class=\"icon-arrow-right\"><\/i>Zum Shop f\u00fcr weiteres Zubeh\u00f6r<\/a><!-- .btn --><div class=\"hr\"><\/div><!-- .hr (end) -->\n<h2>H\u00e4ufige Fragen zum Thema Schildkr\u00f6ten-Onlineshop<\/h2>\n<h3>Wof\u00fcr braucht man einen Thermotimer?<\/h3>\n<p>Ein Thermo-Timer f\u00fcr Landschildkr\u00f6ten <strong>steuert die Beleuchtung oder W\u00e4rmestrahler<\/strong> im Fr\u00fchbeet oder Terrarium in Abh\u00e4ngigkeit von <strong>Zeit, Temperatur<\/strong> oder einer Kombination aus beidem.<\/p>\n<p><a href=\"https:\/\/www.xn--landschildkrte-6pb.de\/beleuchtung\/fruehbeet-technik-fuer-griechische-landschildkroeten\/\">Fr\u00fchbeet-Technik f\u00fcr Griechische Landschildkr\u00f6ten<\/a><\/p>\n<h3>Welche Aufgabe erf\u00fcllt ein PAR38-Strahler?<\/h3>\n<p>Der PAR38 Strahler gibt <strong>sowohl Licht als auch W\u00e4rme<\/strong> ab und ist damit f\u00fcr k\u00fchlere Tage, insbesondere in den \u00dcbergangszeiten, ideal f\u00fcr das Schildkr\u00f6ten-Fr\u00fchbeet als Sonnenersatz geeignet.<\/p>\n<h3>Was ist der Unterschied zwischen Elsteinstrahler und PAR38?<\/h3>\n<p>Der Unterschied ist, dass der <strong>Elsteinstrahler nur W\u00e4rme<\/strong> abgibt (kein Licht) und damit als Heizquelle f\u00fcr die Nacht im Schildkr\u00f6tenfr\u00fchbeet geeignet ist. Ein PAR38 gibt Licht ab und eignet sich damit nur als Tagesbeleuchtung.<\/p>\n<h3>Ist Agrobs gesund f\u00fcr Schildkr\u00f6ten?<\/h3>\n<p>Als Alleinfutter sollte man kein Fertigfutter verwenden. Als Erg\u00e4nzung ist Agrobs aber perfekt geeignet, da es einen <strong>hohen Rohfasergehalt<\/strong> hat. Im Hochsommer ist eine F\u00fctterung mit Agrobs sehr zu empfehlen.<\/p>\n<p>Agrobs-Seite \u00f6ffnen<\/p>\n<h3>Wof\u00fcr braucht man einen Fenster\u00f6ffner im Fr\u00fchbeet?<\/h3>\n<p>Ein Fenster\u00f6ffner, oder auch Deckel\u00f6ffner genannt, ist das <strong>wichtigste Zubeh\u00f6r im Schildkr\u00f6ten-Fr\u00fchbeet<\/strong>, da dieser eine lebensgef\u00e4hrliche <strong>\u00dcberhitzung der Schildkr\u00f6ten verhindert<\/strong>, indem der Fr\u00fchbeet-Deckel bei hohen Temperaturen vollautomatisch (ohne Strom) ge\u00f6ffnet wird.<\/p>\n<p>Fr\u00fchbeet Technik anzeigen<\/p>\n<h3>Welche ist die beste Schildkr\u00f6ten-Lampe?<\/h3>\n<p>Aus unserer Sicht ist die <strong>Bright Sun UV Desert<\/strong> seit vielen Jahren die perfekte Beleuchtung f\u00fcr Schildkr\u00f6ten (Land- und Wasserschildkr\u00f6ten) im Terrarium bzw. Aquarium.<\/p>\n<p><a href=\"https:\/\/www.xn--landschildkrte-6pb.de\/schildkroetenshop\/licht-beleuchtung\/\">Licht &amp; Beleuchtung<\/a><\/p>\n<p><script type=\"application\/ld+json\">{\"@context\":\"https:\/\/schema.org\",\"@type\":\"FAQPage\",\"mainEntity\":[{\"@type\":\"Question\",\"name\":\"Wof\u00fcr braucht man einen Thermotimer?\",\"acceptedAnswer\":{\"@type\":\"Answer\",\"text\":\"<\/p>\n<p>Ein Thermo-Timer f\u00fcr Landschildkr\u00f6ten <strong>steuert die Beleuchtung oder W\u00e4rmestrahler<\/strong> im Fr\u00fchbeet oder Terrarium in Abh\u00e4ngigkeit von <strong>Zeit, Temperatur<\/strong> oder einer Kombination aus beidem.\\n<br \/><a href=\\\"https:\/\/www.xn--landschildkrte-6pb.de\/beleuchtung\/fruehbeet-technik-fuer-griechische-landschildkroeten\/\\\">Fr\u00fchbeet-Technik f\u00fcr Griechische Landschildkr\u00f6ten<\/a><\/p>\n<p>\"}},{\"@type\":\"Question\",\"name\":\"Welche Aufgabe erf\u00fcllt ein PAR38-Strahler?\",\"acceptedAnswer\":{\"@type\":\"Answer\",\"text\":\"<\/p>\n<p>Der PAR38 Strahler gibt <strong>sowohl Licht als auch W\u00e4rme<\/strong> ab und ist damit f\u00fcr k\u00fchlere Tage, insbesondere in den \u00dcbergangszeiten, ideal f\u00fcr das Schildkr\u00f6ten-Fr\u00fchbeet als Sonnenersatz geeignet.<\/p>\n<p>\"}},{\"@type\":\"Question\",\"name\":\"Was ist der Unterschied zwischen Elsteinstrahler und PAR38?\",\"acceptedAnswer\":{\"@type\":\"Answer\",\"text\":\"<\/p>\n<p>Der Unterschied ist, dass der <strong>Elsteinstrahler nur W\u00e4rme<\/strong> abgibt (kein Licht) und damit als Heizquelle f\u00fcr die Nacht im Schildkr\u00f6tenfr\u00fchbeet geeignet ist. Ein PAR38 gibt Licht ab und eignet sich damit nur als Tagesbeleuchtung.<\/p>\n<p>\"}},{\"@type\":\"Question\",\"name\":\"Ist Agrobs gesund f\u00fcr Schildkr\u00f6ten?\",\"acceptedAnswer\":{\"@type\":\"Answer\",\"text\":\"<\/p>\n<p>Als Alleinfutter sollte man kein Fertigfutter verwenden. Als Erg\u00e4nzung ist Agrobs aber perfekt geeignet, da es einen <strong>hohen Rohfasergehalt<\/strong> hat. Im Hochsommer ist eine F\u00fctterung mit Agrobs sehr zu empfehlen.\\n<br \/><a href=\\\"https:\/\/www.xn--landschildkrte-6pb.de\/agrobs\/\\\"><\/a>Agrobs-Seite \u00f6ffnen<\/p>\n<p>\"}},{\"@type\":\"Question\",\"name\":\"Wof\u00fcr braucht man einen Fenster\u00f6ffner im Fr\u00fchbeet?\",\"acceptedAnswer\":{\"@type\":\"Answer\",\"text\":\"<\/p>\n<p>Ein Fenster\u00f6ffner, oder auch Deckel\u00f6ffner genannt, ist das <strong>wichtigste Zubeh\u00f6r im Schildkr\u00f6ten-Fr\u00fchbeet<\/strong>, da dieser eine lebensgef\u00e4hrliche <strong>\u00dcberhitzung der Schildkr\u00f6ten verhindert<\/strong>, indem der Fr\u00fchbeet-Deckel bei hohen Temperaturen vollautomatisch (ohne Strom) ge\u00f6ffnet wird.\\n<br \/><a href=\\\"https:\/\/www.xn--landschildkrte-6pb.de\/schildkroeten-fruehbeet-alltop\/\\\"><\/a>Fr\u00fchbeet Technik anzeigen<\/p>\n<p>\"}},{\"@type\":\"Question\",\"name\":\"Welche ist die beste Schildkr\u00f6ten-Lampe?\",\"acceptedAnswer\":{\"@type\":\"Answer\",\"text\":\"<\/p>\n<p>Aus unserer Sicht ist die <strong>Bright Sun UV Desert<\/strong> seit vielen Jahren die perfekte Beleuchtung f\u00fcr Schildkr\u00f6ten (Land- und Wasserschildkr\u00f6ten) im Terrarium bzw. Aquarium.\\n<br \/><a href=\\\"https:\/\/www.xn--landschildkrte-6pb.de\/schildkroetenshop\/licht-beleuchtung\/\\\">Licht & Beleuchtung<\/a><\/p>\n<p>\"}}]}<\/script><span style=\"font-size: inherit;\"> <\/div><\/span><\/p>\n\n\n<div id='collection-component-1677727674141'><\/div>\n<script type=\"text\/javascript\">\n\/*<![CDATA[*\/\n(function () {\n  var scriptURL = 'https:\/\/sdks.shopifycdn.com\/buy-button\/latest\/buy-button-storefront.min.js';\n  if (window.ShopifyBuy) {\n    if (window.ShopifyBuy.UI) {\n      ShopifyBuyInit();\n    } else {\n      loadScript();\n    }\n  } else {\n    loadScript();\n  }\n  function loadScript() {\n    var script = document.createElement('script');\n    script.async = true;\n    script.src = scriptURL;\n    (document.getElementsByTagName('head')[0] || document.getElementsByTagName('body')[0]).appendChild(script);\n    script.onload = ShopifyBuyInit;\n  }\n  function ShopifyBuyInit() {\n    var client = ShopifyBuy.buildClient({\n      domain: 'schildkrotenshop.myshopify.com',\n      storefrontAccessToken: '47479665dc8e402ddefb36f780802909',\n    });\n    ShopifyBuy.UI.onReady(client).then(function (ui) {\n      ui.createComponent('collection', {\n        id: '387650552059',\n        node: document.getElementById('collection-component-1677727674141'),\n        moneyFormat: '%E2%82%AC%7B%7Bamount_with_comma_separator%7D%7D',\n        options: {\n  \"product\": {\n    \"styles\": {\n      \"product\": {\n        \"@media (min-width: 601px)\": {\n          \"max-width\": \"calc(25% - 20px)\",\n          \"margin-left\": \"20px\",\n          \"margin-bottom\": \"50px\",\n          \"width\": \"calc(25% - 20px)\"\n        }\n      },\n      \"button\": {\n        \":hover\": {\n          \"background-color\": \"#8cad0e\"\n        },\n        \"background-color\": \"#9cc00f\",\n        \":focus\": {\n          \"background-color\": \"#8cad0e\"\n        }\n      }\n    },\n    \"buttonDestination\": \"modal\",\n    \"contents\": {\n      \"options\": false\n    },\n    \"text\": {\n      \"button\": \"Produktdetails\"\n    }\n  },\n  \"productSet\": {\n    \"styles\": {\n      \"products\": {\n        \"@media (min-width: 601px)\": {\n          \"margin-left\": \"-20px\"\n        }\n      }\n    }\n  },\n  \"modalProduct\": {\n    \"contents\": {\n      \"img\": false,\n      \"imgWithCarousel\": true,\n      \"button\": false,\n      \"buttonWithQuantity\": true\n    },\n    \"styles\": {\n      \"product\": {\n        \"@media (min-width: 601px)\": {\n          \"max-width\": \"100%\",\n          \"margin-left\": \"0px\",\n          \"margin-bottom\": \"0px\"\n        }\n      },\n      \"button\": {\n        \":hover\": {\n          \"background-color\": \"#8cad0e\"\n        },\n        \"background-color\": \"#9cc00f\",\n        \":focus\": {\n          \"background-color\": \"#8cad0e\"\n        }\n      }\n    },\n    \"text\": {\n      \"button\": \"Warenkorb\"\n    }\n  },\n  \"option\": {},\n  \"cart\": {\n    \"styles\": {\n      \"button\": {\n        \":hover\": {\n          \"background-color\": \"#8cad0e\"\n        },\n        \"background-color\": \"#9cc00f\",\n        \":focus\": {\n          \"background-color\": \"#8cad0e\"\n        }\n      }\n    },\n    \"text\": {\n      \"title\": \"Warenkorb\",\n      \"total\": \"Preis\",\n      \"empty\": \"Dein Warenkorb ist leer.\",\n      \"notice\": \"Versandkosten werden im n\u00e4chsten Schritt berechnet.\",\n      \"button\": \"Zahlung\",\n      \"noteDescription\": \"Bestellhinweis \/ Anmerkung\"\n    },\n    \"popup\": false\n  },\n  \"toggle\": {\n    \"styles\": {\n      \"toggle\": {\n        \"background-color\": \"#9cc00f\",\n        \":hover\": {\n          \"background-color\": \"#8cad0e\"\n        },\n        \":focus\": {\n          \"background-color\": \"#8cad0e\"\n        }\n      }\n    }\n  }\n},\n      });\n    });\n  }\n})();\n\/*]]>*\/\n<\/script>\n","protected":false},"excerpt":{"rendered":"","protected":false},"author":1,"featured_media":4382,"parent":4595,"menu_order":0,"comment_status":"closed","ping_status":"closed","template":"page-fullwidth.php","meta":{"_exactmetrics_skip_tracking":false,"_exactmetrics_sitenote_active":false,"_exactmetrics_sitenote_note":"","_exactmetrics_sitenote_category":0,"footnotes":""},"class_list":["post-4359","page","type-page","status-publish","has-post-thumbnail","hentry"],"aioseo_notices":[],"publishpress_future_action":{"enabled":false,"date":"2026-04-29 14:37:55","action":"change-status","newStatus":"draft","terms":[],"taxonomy":"","extraData":[]},"publishpress_future_workflow_manual_trigger":{"enabledWorkflows":[]},"_links":{"self":[{"href":"https:\/\/www.xn--landschildkrte-6pb.de\/haltung\/wp-json\/wp\/v2\/pages\/4359","targetHints":{"allow":["GET"]}}],"collection":[{"href":"https:\/\/www.xn--landschildkrte-6pb.de\/haltung\/wp-json\/wp\/v2\/pages"}],"about":[{"href":"https:\/\/www.xn--landschildkrte-6pb.de\/haltung\/wp-json\/wp\/v2\/types\/page"}],"author":[{"embeddable":true,"href":"https:\/\/www.xn--landschildkrte-6pb.de\/haltung\/wp-json\/wp\/v2\/users\/1"}],"replies":[{"embeddable":true,"href":"https:\/\/www.xn--landschildkrte-6pb.de\/haltung\/wp-json\/wp\/v2\/comments?post=4359"}],"version-history":[{"count":62,"href":"https:\/\/www.xn--landschildkrte-6pb.de\/haltung\/wp-json\/wp\/v2\/pages\/4359\/revisions"}],"predecessor-version":[{"id":19413,"href":"https:\/\/www.xn--landschildkrte-6pb.de\/haltung\/wp-json\/wp\/v2\/pages\/4359\/revisions\/19413"}],"up":[{"embeddable":true,"href":"https:\/\/www.xn--landschildkrte-6pb.de\/haltung\/wp-json\/wp\/v2\/pages\/4595"}],"wp:featuredmedia":[{"embeddable":true,"href":"https:\/\/www.xn--landschildkrte-6pb.de\/haltung\/wp-json\/wp\/v2\/media\/4382"}],"wp:attachment":[{"href":"https:\/\/www.xn--landschildkrte-6pb.de\/haltung\/wp-json\/wp\/v2\/media?parent=4359"}],"curies":[{"name":"wp","href":"https:\/\/api.w.org\/{rel}","templated":true}]}}