{"id":4587,"date":"2017-11-04T07:38:57","date_gmt":"2017-11-04T07:38:57","guid":{"rendered":"https:\/\/www.landschildkroeten.de\/haltung\/?page_id=4587"},"modified":"2023-03-02T03:21:38","modified_gmt":"2023-03-02T03:21:38","slug":"schildkroeten-futter","status":"publish","type":"page","link":"https:\/\/www.xn--landschildkrte-6pb.de\/haltung\/schildkroetenshop\/schildkroeten-futter\/","title":{"rendered":"Schildkr\u00f6tenfutter"},"content":{"rendered":"<div class=\"extra-wrap block_7\">\n<h3>Hier findest du die Top 9 Futtermittel f\u00fcr Landschildkr\u00f6ten<\/h3>\n<p>Es gibt nicht viele Futtermittel, die f\u00fcr Schildkr\u00f6ten geeignet sind. Das Hauptfutter f\u00fcr Landschildkr\u00f6ten sollte immer aus frischen Gr\u00fcnpflanzen von einer ungespritzten Wiese bestehen. Alles andere ist nur eine Erg\u00e4nzung.<\/p>\n<p><img loading=\"lazy\" decoding=\"async\" class=\"alignright wp-image-7812\" src=\"https:\/\/www.xn--landschildkrte-6pb.de\/haltung\/wp-content\/uploads\/2020\/03\/Schildkr\u00f6tenfutter.jpg\" alt=\"\" width=\"500\" height=\"500\" srcset=\"https:\/\/www.xn--landschildkrte-6pb.de\/haltung\/wp-content\/uploads\/2020\/03\/Schildkr\u00f6tenfutter.jpg 834w, https:\/\/www.xn--landschildkrte-6pb.de\/haltung\/wp-content\/uploads\/2020\/03\/Schildkr\u00f6tenfutter-300x300.jpg 300w, https:\/\/www.xn--landschildkrte-6pb.de\/haltung\/wp-content\/uploads\/2020\/03\/Schildkr\u00f6tenfutter-150x150.jpg 150w, https:\/\/www.xn--landschildkrte-6pb.de\/haltung\/wp-content\/uploads\/2020\/03\/Schildkr\u00f6tenfutter-768x768.jpg 768w\" sizes=\"auto, (max-width: 500px) 100vw, 500px\" \/><\/p>\n<ol>\n<li>Das <a href=\"https:\/\/xn--schildkrten-yfb.de\/products\/agrobs-testudo-original-500\" target=\"_blank\" rel=\"noopener\">PRE ALPIN Testudo<\/a> f\u00fcr alle Landschildkr\u00f6ten geeignet, ist besonders eiwei\u00dfarm und rohfaserreich, f\u00f6rdert die Entschlackung des K\u00f6rpers und bietet eine, an die nat\u00fcrlichen Lebensr\u00e4ume der Landschildkr\u00f6ten, angepasste Ern\u00e4hrung. Es bietet ein ideales Calcium-Phosphor-Verh\u00e4ltnis. Der Favorit meiner Griechen und daher auf dem ersten Platz \ud83d\ude42<br>\n<a href=\"https:\/\/xn--schildkrten-yfb.de\/products\/agrobs-testudo-original-500\" title=\"PRE ALPIN Testudo kaufen\" class=\"btn btn-primary btn-normal btn-inline \" target=\"_blank\"><i class=\"icon-shopping-cart\"><\/i>PRE ALPIN Testudo kaufen<\/a><!-- .btn --><div class=\"hr\"><\/div><!-- .hr (end) --><\/li>\n<li>Die <a href=\"https:\/\/xn--schildkrten-yfb.de\/products\/agrobs-testudo-herbs-500\" target=\"_blank\" rel=\"noopener\">PRE ALPIN Testudo Herbs<\/a> k\u00f6nnen jederzeit zur freien Aufnahme angeboten werden, sind frei von Geschmacks- und Konservierungsstoffen und werden vom Institut f\u00fcr Zoologie in M\u00fcnchen empfohlen. Mit den Herbs ist eine optimale Rohfaserversorgung garantiert und sie sorgen so f\u00fcr die Aufrechterhaltung einer gesunden Darmflora, enthalten keine Getreide oder tierische Bestandteile.<br>\n<a href=\"https:\/\/xn--schildkrten-yfb.de\/products\/agrobs-testudo-herbs-500\" title=\"Bestellung PRE ALPIN Testudo Herbs\" class=\"btn btn-primary btn-normal btn-inline \" target=\"_blank\"><i class=\"icon-shopping-cart\"><\/i>Bestellung PRE ALPIN Testudo Herbs<\/a><!-- .btn --><div class=\"hr\"><\/div><!-- .hr (end) --><\/li>\n<li>Auch das <a href=\"https:\/\/xn--schildkrten-yfb.de\/products\/agrobs-testudo-fibre-250\" target=\"_blank\" rel=\"noopener\">Pre Alpin Testudo Fibre<\/a> enth\u00e4lt verschiedene Wiesenkr\u00e4uter und -gr\u00e4ser. Ein Frischeverschluss h\u00e4lt es absolut frisch und beim \u00d6ffnen der Packung kommt einem frischer Wiesengeruch entgegen.<br>\n<a href=\"https:\/\/xn--schildkrten-yfb.de\/products\/agrobs-testudo-fibre-250\" title=\"Pre Alpin Testudo Fibre bestellen\" class=\"btn btn-primary btn-normal btn-inline \" target=\"_blank\"><i class=\"icon-shopping-cart\"><\/i>Pre Alpin Testudo Fibre bestellen<\/a><!-- .btn --><div class=\"hr\"><\/div><!-- .hr (end) --><\/li>\n<li><a href=\"https:\/\/www.xn--schildkrten-yfb.net\/produkt\/agrobs-testudo-baby-300-gr\/\" target=\"_blank\" rel=\"noopener noreferrer\">Agrobs Testudo Baby<\/a> ist f\u00fcr Landschildkr\u00f6ten bis zu einer Gr\u00f6\u00dfe von 200g. Es ist sehr eiwei\u00dfarm, daf\u00fcr rohfaserreich und sorgt so f\u00fcr die Aufrechterhaltung der Darmflora.<br>\n<a href=\"https:\/\/xn--schildkrten-yfb.de\/products\/agrobs-testudo-baby-300\" title=\"Bestellung Agrobs Testudo Baby\" class=\"btn btn-primary btn-normal btn-inline \" target=\"_blank\"><i class=\"icon-shopping-cart\"><\/i>Bestellung Agrobs Testudo Baby<\/a><!-- .btn --><div class=\"hr\"><\/div><!-- .hr (end) --><\/li>\n<li>Zum Thema Futter geh\u00f6rt auch die <a href=\"https:\/\/xn--schildkrten-yfb.de\/products\/sepiaschale\" target=\"_blank\" rel=\"noopener\">Sepiaschale<\/a>, die immer angeboten werden sollte, um ein gesundes Panzer- und Knochenwachstum der Schildkr\u00f6te zu gew\u00e4hrleisten.<br>\n<a href=\"https:\/\/xn--schildkrten-yfb.de\/products\/sepiaschale\" title=\"Sepiaschale kaufen\" class=\"btn btn-primary btn-normal btn-inline \" target=\"_blank\"><i class=\"icon-shopping-cart\"><\/i>Sepiaschale kaufen<\/a><!-- .btn --><div class=\"hr\"><\/div><!-- .hr (end) --><\/li>\n<li><a href=\"https:\/\/www.xn--schildkrten-yfb.net\/produkt\/pre-alpin-testudo-original-125-kg\/\" target=\"_blank\" rel=\"noopener noreferrer\">Agrobs Schildkr\u00f6tenfutter Gro\u00dfpackung<\/a> f\u00fcr Z\u00fcchter.<br>\n<a href=\"https:\/\/www.schildkr\u00f6ten.net\/produkt\/pre-alpin-testudo-original-125-kg\/\" title=\"Gro\u00dfpackung kaufen\" class=\"btn btn-primary btn-normal btn-inline \" target=\"_blank\"><i class=\"icon-shopping-cart\"><\/i>Gro\u00dfpackung kaufen<\/a><!-- .btn --><div class=\"hr\"><\/div><!-- .hr (end) --><\/li>\n<li><a href=\"https:\/\/www.xn--schildkrten-yfb.net\/produkt\/trixie-76269-futterpellets-fuer-landschildkroeten-1-000-ml-600-g\/\" target=\"_blank\" rel=\"noopener noreferrer\">Trixie 76269 Futterpellets, Landschildkr\u00f6ten<\/a>: Dieses Mischfuttermittel eignet sich als Erg\u00e4nzungsfutter f\u00fcr Landschildkr\u00f6ten und andere \u00fcberwiegend pflanzenfressenden (herbivore) Reptilien. Es bietet eine optimale Versorgung mit Vitaminen (A, B, C und D 3) sowie Calcium und Phosphor, unterst\u00fctzt die Abwehrkr\u00e4fte und sorgt f\u00fcr ein gesundes Wachstum.<br>\n<a href=\"https:\/\/www.schildkr\u00f6ten.net\/produkt\/trixie-76269-futterpellets-fuer-landschildkroeten-1-000-ml-600-g\/\" title=\"Trixie Futterpellets bestellen\" class=\"btn btn-primary btn-normal btn-inline \" target=\"_blank\"><i class=\"icon-shopping-cart\"><\/i>Trixie Futterpellets bestellen<\/a><!-- .btn --><div class=\"hr\"><\/div><!-- .hr (end) --><\/li>\n<li><a href=\"https:\/\/www.xn--schildkrten-yfb.net\/produkt\/sera-01837-raffy-vital-10-liter-schmackhafte-kraeutervielfalt-fuer-herbivore-reptilien\/\" target=\"_blank\" rel=\"noopener noreferrer\">Sera 01837 raffy Vital<\/a>: Pflanzenfutter f\u00fcr Landschildkr\u00f6ten und herbivore Reptilien. Dies ist eine schmackhafte und ballaststoffreiche Mischung aus Kr\u00e4uterpellets und Futtertabletten und wird von allen Landschildkr\u00f6ten sehr gerne angenommen.<br>\n<a href=\"https:\/\/www.schildkr\u00f6ten.net\/produkt\/sera-01837-raffy-vital-10-liter-schmackhafte-kraeutervielfalt-fuer-herbivore-reptilien\/\" title=\"Bestellung Sera raffy Vital\" class=\"btn btn-primary btn-normal btn-inline \" target=\"_blank\"><i class=\"icon-shopping-cart\"><\/i>Bestellung Sera raffy Vital<\/a><!-- .btn --><div class=\"hr\"><\/div><!-- .hr (end) --><\/li>\n<li><a href=\"https:\/\/xn--schildkrten-yfb.de\/products\/samenmischung-kraeutermischung\" target=\"_blank\" rel=\"noopener\">Linsor Schildkr\u00f6ten Kr\u00e4utermischung<\/a>: Rohfaserreiches Futter mit wichtigen nat\u00fcrlichen Mineralstoffen. Kr\u00e4uter-Mischung f\u00fcr Landschildkr\u00f6ten. 100% NATUR und frei von Farb- und Konservierungsmitteln. Empfohlen von Thorsten Geier, dem Schildkr\u00f6ten Experten von schildkroetenfreund.de<br>\n<a href=\"https:\/\/xn--schildkrten-yfb.de\/products\/samenmischung-kraeutermischung\" title=\"Schildkr\u00f6ten Kr\u00e4utermischung kaufen\" class=\"btn btn-primary btn-normal btn-inline \" target=\"_blank\"><i class=\"icon-shopping-cart\"><\/i>Schildkr\u00f6ten Kr\u00e4utermischung kaufen<\/a><!-- .btn --><div class=\"hr\"><\/div><!-- .hr (end) --><\/li>\n<\/ol>\n<h2>Futter f\u00fcr Schildkr\u00f6ten im Onlineshop<\/h2>\n<a href=\"https:\/\/www.xn--schildkrten-yfb.net\/typ\/futter\/\" title=\"Zum Futter f\u00fcr Schildkr\u00f6ten\" class=\"btn btn-primary btn-normal btn-inline \" target=\"_blank\"><i class=\"icon-arrow-right\"><\/i>Zum Futter f\u00fcr Schildkr\u00f6ten<\/a><!-- .btn --><div class=\"hr\"><\/div><!-- .hr (end) -->\n<p>Hier geht es zur Seite \"<a href=\"https:\/\/www.xn--landschildkrte-6pb.de\/haltung\/ernaehrung\/was-fressen-schildkroeten-ernaehrung-von-landschildkroeten\/\">Was fressen Schildkr\u00f6ten?<\/a>\".<br>\nDas Pre Alpin Testudo Original liegt auf Platz 6, der am h\u00e4ufigsten gekauften Schildkr\u00f6ten-Artikel bei Landschildkroeten.de! <a href=\"https:\/\/www.xn--landschildkrte-6pb.de\/haltung\/schildkroetenshop\/schildkroeten-shop\/\" target=\"_blank\" rel=\"noopener noreferrer\">Zum Schildkr\u00f6ten-Shop Trendbarometer 2026<\/a>.<br>\n<\/div>\n\n\n<div id='collection-component-1677727274029'><\/div>\n<script type=\"text\/javascript\">\n\/*<![CDATA[*\/\n(function () {\n  var scriptURL = 'https:\/\/sdks.shopifycdn.com\/buy-button\/latest\/buy-button-storefront.min.js';\n  if (window.ShopifyBuy) {\n    if (window.ShopifyBuy.UI) {\n      ShopifyBuyInit();\n    } else {\n      loadScript();\n    }\n  } else {\n    loadScript();\n  }\n  function loadScript() {\n    var script = document.createElement('script');\n    script.async = true;\n    script.src = scriptURL;\n    (document.getElementsByTagName('head')[0] || document.getElementsByTagName('body')[0]).appendChild(script);\n    script.onload = ShopifyBuyInit;\n  }\n  function ShopifyBuyInit() {\n    var client = ShopifyBuy.buildClient({\n      domain: 'schildkrotenshop.myshopify.com',\n      storefrontAccessToken: '47479665dc8e402ddefb36f780802909',\n    });\n    ShopifyBuy.UI.onReady(client).then(function (ui) {\n      ui.createComponent('collection', {\n        id: '391546011899',\n        node: document.getElementById('collection-component-1677727274029'),\n        moneyFormat: '%E2%82%AC%7B%7Bamount_with_comma_separator%7D%7D',\n        options: {\n  \"product\": {\n    \"styles\": {\n      \"product\": {\n        \"@media (min-width: 601px)\": {\n          \"max-width\": \"calc(25% - 20px)\",\n          \"margin-left\": \"20px\",\n          \"margin-bottom\": \"50px\",\n          \"width\": \"calc(25% - 20px)\"\n        }\n      },\n      \"button\": {\n        \":hover\": {\n          \"background-color\": \"#8cad0e\"\n        },\n        \"background-color\": \"#9cc00f\",\n        \":focus\": {\n          \"background-color\": \"#8cad0e\"\n        }\n      }\n    },\n    \"buttonDestination\": \"modal\",\n    \"contents\": {\n      \"options\": false\n    },\n    \"text\": {\n      \"button\": \"Produktdetails\"\n    }\n  },\n  \"productSet\": {\n    \"styles\": {\n      \"products\": {\n        \"@media (min-width: 601px)\": {\n          \"margin-left\": \"-20px\"\n        }\n      }\n    }\n  },\n  \"modalProduct\": {\n    \"contents\": {\n      \"img\": false,\n      \"imgWithCarousel\": true,\n      \"button\": false,\n      \"buttonWithQuantity\": true\n    },\n    \"styles\": {\n      \"product\": {\n        \"@media (min-width: 601px)\": {\n          \"max-width\": \"100%\",\n          \"margin-left\": \"0px\",\n          \"margin-bottom\": \"0px\"\n        }\n      },\n      \"button\": {\n        \":hover\": {\n          \"background-color\": \"#8cad0e\"\n        },\n        \"background-color\": \"#9cc00f\",\n        \":focus\": {\n          \"background-color\": \"#8cad0e\"\n        }\n      }\n    },\n    \"text\": {\n      \"button\": \"Warenkorb\"\n    }\n  },\n  \"option\": {},\n  \"cart\": {\n    \"styles\": {\n      \"button\": {\n        \":hover\": {\n          \"background-color\": \"#8cad0e\"\n        },\n        \"background-color\": \"#9cc00f\",\n        \":focus\": {\n          \"background-color\": \"#8cad0e\"\n        }\n      }\n    },\n    \"text\": {\n      \"title\": \"Warenkorb\",\n      \"total\": \"Preis\",\n      \"empty\": \"Dein Warenkorb ist leer.\",\n      \"notice\": \"Versandkosten werden im n\u00e4chsten Schritt berechnet.\",\n      \"button\": \"Zahlung\",\n      \"noteDescription\": \"Bestellhinweis \/ Anmerkung\"\n    },\n    \"popup\": false\n  },\n  \"toggle\": {\n    \"styles\": {\n      \"toggle\": {\n        \"background-color\": \"#9cc00f\",\n        \":hover\": {\n          \"background-color\": \"#8cad0e\"\n        },\n        \":focus\": {\n          \"background-color\": \"#8cad0e\"\n        }\n      }\n    }\n  }\n},\n      });\n    });\n  }\n})();\n\/*]]>*\/\n<\/script>\n","protected":false},"excerpt":{"rendered":"","protected":false},"author":1,"featured_media":7812,"parent":4595,"menu_order":0,"comment_status":"closed","ping_status":"closed","template":"page-fullwidth.php","meta":{"_exactmetrics_skip_tracking":false,"_exactmetrics_sitenote_active":false,"_exactmetrics_sitenote_note":"","_exactmetrics_sitenote_category":0,"footnotes":""},"class_list":["post-4587","page","type-page","status-publish","has-post-thumbnail","hentry"],"aioseo_notices":[],"publishpress_future_action":{"enabled":false,"date":"2026-04-22 11:00:07","action":"change-status","newStatus":"draft","terms":[],"taxonomy":"","extraData":[]},"publishpress_future_workflow_manual_trigger":{"enabledWorkflows":[]},"_links":{"self":[{"href":"https:\/\/www.xn--landschildkrte-6pb.de\/haltung\/wp-json\/wp\/v2\/pages\/4587","targetHints":{"allow":["GET"]}}],"collection":[{"href":"https:\/\/www.xn--landschildkrte-6pb.de\/haltung\/wp-json\/wp\/v2\/pages"}],"about":[{"href":"https:\/\/www.xn--landschildkrte-6pb.de\/haltung\/wp-json\/wp\/v2\/types\/page"}],"author":[{"embeddable":true,"href":"https:\/\/www.xn--landschildkrte-6pb.de\/haltung\/wp-json\/wp\/v2\/users\/1"}],"replies":[{"embeddable":true,"href":"https:\/\/www.xn--landschildkrte-6pb.de\/haltung\/wp-json\/wp\/v2\/comments?post=4587"}],"version-history":[{"count":19,"href":"https:\/\/www.xn--landschildkrte-6pb.de\/haltung\/wp-json\/wp\/v2\/pages\/4587\/revisions"}],"predecessor-version":[{"id":19405,"href":"https:\/\/www.xn--landschildkrte-6pb.de\/haltung\/wp-json\/wp\/v2\/pages\/4587\/revisions\/19405"}],"up":[{"embeddable":true,"href":"https:\/\/www.xn--landschildkrte-6pb.de\/haltung\/wp-json\/wp\/v2\/pages\/4595"}],"wp:featuredmedia":[{"embeddable":true,"href":"https:\/\/www.xn--landschildkrte-6pb.de\/haltung\/wp-json\/wp\/v2\/media\/7812"}],"wp:attachment":[{"href":"https:\/\/www.xn--landschildkrte-6pb.de\/haltung\/wp-json\/wp\/v2\/media?parent=4587"}],"curies":[{"name":"wp","href":"https:\/\/api.w.org\/{rel}","templated":true}]}}