{"id":4750,"date":"2017-11-04T17:47:09","date_gmt":"2017-11-04T17:47:09","guid":{"rendered":"https:\/\/www.landschildkroeten.de\/haltung\/?page_id=4750"},"modified":"2023-03-22T07:13:26","modified_gmt":"2023-03-22T07:13:26","slug":"wildkraeuter","status":"publish","type":"page","link":"https:\/\/www.xn--landschildkrte-6pb.de\/haltung\/schildkroetenshop\/wildkraeuter\/","title":{"rendered":"Wildkr\u00e4uter &#038; Saatgut"},"content":{"rendered":"<div class=\"extra-wrap block_7\">\n<h3>Wildkr\u00e4uter und Saatgut f\u00fcr Schildkr\u00f6ten<\/h3>\n<p>Die Top 10 Wildkr\u00e4uter, Saatgut-Mischungen und Beeren-Bl\u00e4tter-Mischungen f\u00fcr Schildkr\u00f6ten.<\/p>\n<p><a href=\"https:\/\/xn--schildkrten-yfb.de\/collections\/wildkraeuter-getrocknet\" target=\"_blank\" rel=\"noopener\"><img loading=\"lazy\" decoding=\"async\" class=\"alignright wp-image-7821\" src=\"https:\/\/www.xn--landschildkrte-6pb.de\/haltung\/wp-content\/uploads\/2020\/03\/Wildkr\u00e4uter-300x300.jpg\" alt=\"\" width=\"500\" height=\"500\" srcset=\"https:\/\/www.xn--landschildkrte-6pb.de\/haltung\/wp-content\/uploads\/2020\/03\/Wildkr\u00e4uter-300x300.jpg 300w, https:\/\/www.xn--landschildkrte-6pb.de\/haltung\/wp-content\/uploads\/2020\/03\/Wildkr\u00e4uter-150x150.jpg 150w, https:\/\/www.xn--landschildkrte-6pb.de\/haltung\/wp-content\/uploads\/2020\/03\/Wildkr\u00e4uter-768x768.jpg 768w, https:\/\/www.xn--landschildkrte-6pb.de\/haltung\/wp-content\/uploads\/2020\/03\/Wildkr\u00e4uter.jpg 834w\" sizes=\"auto, (max-width: 500px) 100vw, 500px\" \/><\/a><\/p>\n<ol>\n<li><a href=\"https:\/\/xn--schildkrten-yfb.de\/products\/samenmischung-kraeutermischung\" target=\"_blank\" rel=\"noopener\">Schildkr\u00f6ten Samenmischung<\/a><br \/>Diese Schildkr\u00f6ten Samenmischung 50g \/ Kr\u00e4utermischung 50g besteht aus 24 % Wegerich und wurde liebevoll speziell f\u00fcr Landschildkr\u00f6ten zusammengestellt. Sie wird empfohlen von Thorsten Geier. Die Kr\u00e4utermischung ist ausgewogen und artgerecht.<br \/><a href=\"https:\/\/xn--schildkrten-yfb.de\/products\/samenmischung-kraeutermischung\" title=\"Schildkr\u00f6ten Samenmischung\" class=\"btn btn-primary btn-normal btn-inline \" target=\"_blank\"><i class=\"icon-shopping-cart\"><\/i>Schildkr\u00f6ten Samenmischung<\/a><!-- .btn --><div class=\"hr\"><\/div><!-- .hr (end) -->\n<p>\u00a0<\/p>\n<\/li>\n<li><a href=\"https:\/\/xn--schildkrten-yfb.de\/products\/blumenmischung-samenmischung\" target=\"_blank\" rel=\"noopener\">Schildkr\u00f6ten Blumenmischung<\/a><br \/>Diese Schildkr\u00f6ten Blumenmischung 50g beinhaltet Kulturmalven und wurde liebevoll speziell f\u00fcr Landschildkr\u00f6ten zusammengestellt. Auch dieses Saatgut wird empfohlen von Thorsten Geier. Es handelt sich um zertifiziertes Saatgut mit optimaler Artenreinheit und einer hohen Keimf\u00e4higkeit.<br \/><a href=\"https:\/\/xn--schildkrten-yfb.de\/products\/blumenmischung-samenmischung\" title=\"Schildkr\u00f6ten Blumenmischung\" class=\"btn btn-primary btn-normal btn-inline \" target=\"_blank\"><i class=\"icon-shopping-cart\"><\/i>Schildkr\u00f6ten Blumenmischung<\/a><!-- .btn --><div class=\"hr\"><\/div><!-- .hr (end) --><\/li>\n<li><a href=\"https:\/\/xn--schildkrten-yfb.de\/products\/spitzwegerich-getrocknet\" target=\"_blank\" rel=\"noopener\">Spitzwegerichbl\u00e4tter<\/a>: Spitzwegerich ist sowohl frisch als auch getrocknet ein hervorragendes Raufuttermittel f\u00fcr Schildkr\u00f6ten. Nicht nur in der Naturheilkunde ist Spitzwegerich bekannt, sondern aufgrund seines hohen Rohfasergehalts auch als gesundes Erg\u00e4nzungsfutter f\u00fcr Landschildkr\u00f6ten. Schonend getrocknet und 100% Natur.<br \/><a href=\"https:\/\/xn--schildkrten-yfb.de\/products\/spitzwegerich-getrocknet\" title=\"Spitzwegerichbl\u00e4tter bestellen\" class=\"btn btn-primary btn-normal btn-inline \" target=\"_blank\"><i class=\"icon-shopping-cart\"><\/i>Spitzwegerichbl\u00e4tter bestellen<\/a><!-- .btn --><div class=\"hr\"><\/div><!-- .hr (end) --><\/li>\n<li><a href=\"https:\/\/xn--schildkrten-yfb.de\/products\/kraeuterwiese-wildkraeuter\" target=\"_blank\" rel=\"noopener\">Petifool Kr\u00e4uterwiese<\/a>: Auch dieser gut nach Wildbl\u00fcten riechende Leckerbissen f\u00fcr Landschildkr\u00f6ten aus schonend getrocknetem Wiesengras mit aromatischen Bl\u00fcten hat einen hohen Rohfasergehalt und sorgt bei Schildkr\u00f6ten f\u00fcr eine optimale Verdauung.<br \/><a href=\"https:\/\/xn--schildkrten-yfb.de\/products\/kraeuterwiese-wildkraeuter\" title=\"Bestellung Petifool Kr\u00e4uterwiese\" class=\"btn btn-primary btn-normal btn-inline \" target=\"_blank\"><i class=\"icon-shopping-cart\"><\/i>Bestellung Petifool Kr\u00e4uterwiese<\/a><!-- .btn --><div class=\"hr\"><\/div><!-- .hr (end) --><\/li>\n<li><a href=\"https:\/\/xn--schildkrten-yfb.de\/products\/loewenzahn-getrocknet\" target=\"_blank\" rel=\"noopener\">L\u00f6wenzahn getrocknet<\/a>: L\u00f6wenzahn hat viele wichtige Vitamine, Mineralstoffe und Spurenelemente f\u00fcr Landschildkr\u00f6ten und ist ein beliebter Snack f\u00fcr alle Landschildkr\u00f6ten. Der hohe Rohfasergehalt des L\u00f6wenzahns sorgt f\u00fcr eine optimale Verdauung.<br \/><a href=\"https:\/\/xn--schildkrten-yfb.de\/products\/loewenzahn-getrocknet\" title=\"L\u00f6wenzahnbl\u00e4tter kaufen\" class=\"btn btn-primary btn-normal btn-inline \" target=\"_blank\"><i class=\"icon-shopping-cart\"><\/i>L\u00f6wenzahnbl\u00e4tter kaufen<\/a><!-- .btn --><div class=\"hr\"><\/div><!-- .hr (end) --><\/li>\n<li><a href=\"https:\/\/xn--schildkrten-yfb.de\/products\/brennnesselblaetter-getrocknet\" target=\"_blank\" rel=\"noopener\">Brennesselbl\u00e4tter<\/a> sind sowohl frisch, als auch getrocknet als Futter f\u00fcr Schildkr\u00f6ten geeignet. Sie sind 100% Natur und reich an Vitaminen und Mineralstoffen.<br \/><a href=\"https:\/\/xn--schildkrten-yfb.de\/products\/brennnesselblaetter-getrocknet\" title=\"Bestellung Brennesselbl\u00e4tter\" class=\"btn btn-primary btn-normal btn-inline \" target=\"_blank\"><i class=\"icon-shopping-cart\"><\/i>Bestellung Brennesselbl\u00e4tter<\/a><!-- .btn --><div class=\"hr\"><\/div><!-- .hr (end) --><\/li>\n<li><a href=\"https:\/\/xn--schildkrten-yfb.de\/products\/petifool-wilde-blumenwiese-600g\" target=\"_blank\" rel=\"noopener\">Petifool Wilde Blumenwiese<\/a>: Diese Wiesenkr\u00e4uter Schildkr\u00f6ten-Futtermischung ist ein hervorragendes Erg\u00e4nzungsfutter f\u00fcr Landschildkr\u00f6ten, Kaninchen, Meerschweinchen, Hamster &amp; Chinchilla.<br \/><a href=\"https:\/\/xn--schildkrten-yfb.de\/products\/petifool-wilde-blumenwiese-600g\" title=\"Petifool Wilde Blumenwiese bestellen\" class=\"btn btn-primary btn-normal btn-inline \" target=\"_blank\"><i class=\"icon-shopping-cart\"><\/i>Petifool Wilde Blumenwiese bestellen<\/a><!-- .btn --><div class=\"hr\"><\/div><!-- .hr (end) --><\/li>\n<li><a href=\"https:\/\/xn--schildkrten-yfb.de\/products\/bluetenfest-schildkroetenfutter\" target=\"_blank\" rel=\"noopener\">Petifool Bl\u00fctenfest f\u00fcr Landschildkr\u00f6ten<\/a>: Mischung aus getrockneten Gr\u00e4sern und Wiesenkr\u00e4utern als Raufutter, besonders rohfaserreich und proteinarm und damit positiv f\u00fcr das Verdauungssystem von Schildkr\u00f6ten. F\u00fcr Landschildkr\u00f6ten, Kaninchen, Meerschweinchen, Hamster &amp; Chinchilla. Diese Mischung hat zudem ein ideales Kalzium-Phosphor-Verh\u00e4ltnis.<br \/><a href=\"https:\/\/xn--schildkrten-yfb.de\/products\/bluetenfest-schildkroetenfutter\" title=\"Bestellung Petifool Bl\u00fctenfest\" class=\"btn btn-primary btn-normal btn-inline \" target=\"_blank\"><i class=\"icon-shopping-cart\"><\/i>Bestellung Petifool Bl\u00fctenfest<\/a><!-- .btn --><div class=\"hr\"><\/div><!-- .hr (end) --><\/li>\n<li>Das <a href=\"https:\/\/xn--schildkrten-yfb.de\/products\/agrobs-testudo-saatgut\" target=\"_blank\" rel=\"noopener\">Agrobs Pre Alpin Testudo Saatgut<\/a> ist eine hochwertige Saatenmischung f\u00fcr Landschildkr\u00f6ten. Die enthaltenen Wildkr\u00e4uter k\u00f6nnen entweder direkt ins Freigehege gepflanzt werden oder in T\u00f6pfen aufwachsen. Der Vorteil bei den T\u00f6pfen ist, dass die Schildkr\u00f6ten die jungen Wildkr\u00e4uter nicht sofort auffressen, bevor sie \u00fcberhaupt die Chance hatten, zu gedeihen. Man kann die Aussaat-Position im Gehege nat\u00fcrlich auch abgrenzen um die Keimlinge vor dem Gefressen werden f\u00fcr 4-6 Wochen nach dem Keimen zu sch\u00fctzen. Die Mischung kann vom Fr\u00fchjahr bis Herbst in unged\u00fcngter Gartenerde ausges\u00e4ht werden. Folgende Wildkr\u00e4uter befinden sich in dem Saatgut: Wundklee, Platterbse, Petersilie, Dill, Fenchel, K\u00fcmmel, <a href=\"https:\/\/xn--schildkrten-yfb.de\/products\/spitzwegerich-getrocknet\" target=\"_blank\" rel=\"noopener\">Spitzwegerich<\/a>, Wiesenknopf, Ringelblume, Margerite, Witwenblume, <a href=\"https:\/\/xn--schildkrten-yfb.de\/products\/wilde-malve-malva-sylvestris-samen-saatgut-1g\" target=\"_blank\" rel=\"noopener\">Malve<\/a>, <a href=\"https:\/\/xn--schildkrten-yfb.de\/products\/wegwarte-cichorium-intybus-samen-saatgut-1g\" target=\"_blank\" rel=\"noopener\">Wegwarte<\/a>.<br \/><a href=\"https:\/\/xn--schildkrten-yfb.de\/products\/agrobs-testudo-saatgut\" title=\"Agrobs Pre Alpin Testudo Saatgut kaufen\" class=\"btn btn-primary btn-normal btn-inline \" target=\"_blank\"><i class=\"icon-shopping-cart\"><\/i>Agrobs Pre Alpin Testudo Saatgut kaufen<\/a><!-- .btn --><div class=\"hr\"><\/div><!-- .hr (end) --><\/li>\n<li>L\u00f6wenzahn 200g: Getrockneter L\u00f6wenzahn hat immer einen hohen Rohfasergehalt und f\u00f6rdert damit die Verdauung und bereichert den Speiseplan der Schildkr\u00f6te.<br \/><a href=\"https:\/\/xn--schildkrten-yfb.de\/products\/loewenzahn-getrocknet\" title=\"L\u00f6wenzahnbl\u00e4tter kaufen\" class=\"btn btn-primary btn-normal btn-inline \" target=\"_blank\"><i class=\"icon-shopping-cart\"><\/i>L\u00f6wenzahnbl\u00e4tter kaufen<\/a><!-- .btn --><div class=\"hr\"><\/div><!-- .hr (end) --><\/li>\n<\/ol>\n<h2>Futter f\u00fcr Landschildkr\u00f6ten im Shop<\/h2>\n<a href=\"https:\/\/xn--schildkrten-yfb.de\/collections\/futter\" title=\"Zum Futter f\u00fcr Landschildkr\u00f6ten\" class=\"btn btn-primary btn-normal btn-inline \" target=\"_blank\"><i class=\"icon-arrow-right\"><\/i>Zum Futter f\u00fcr Landschildkr\u00f6ten<\/a><!-- .btn -->\n<p>\u00a0<\/p>\n\n\n<figure class=\"wp-block-gallery columns-1 is-cropped wp-block-gallery-1 is-layout-flex wp-block-gallery-is-layout-flex\"><ul class=\"blocks-gallery-grid\"><li class=\"blocks-gallery-item\"><figure><a href=\"https:\/\/xn--schildkrten-yfb.de\/collections\/pflanzen\/samenmischung\" target=\"_blank\" rel=\"noopener\"><img loading=\"lazy\" decoding=\"async\" width=\"1024\" height=\"795\" src=\"https:\/\/www.xn--landschildkrte-6pb.de\/haltung\/wp-content\/uploads\/2022\/01\/Schildkroeten-Samenmischung-Kraeutermischung-Blumenmischung-1024x795.jpg\" alt=\"\" data-id=\"13835\" data-full-url=\"https:\/\/www.xn--landschildkrte-6pb.de\/haltung\/wp-content\/uploads\/2022\/01\/Schildkroeten-Samenmischung-Kraeutermischung-Blumenmischung.jpg\" data-link=\"https:\/\/www.xn--landschildkrte-6pb.de\/haltung\/schildkroetenshop\/wildkraeuter\/attachment\/schildkroeten-samenmischung-kraeutermischung-blumenmischung\/\" class=\"wp-image-13835\" srcset=\"https:\/\/www.xn--landschildkrte-6pb.de\/haltung\/wp-content\/uploads\/2022\/01\/Schildkroeten-Samenmischung-Kraeutermischung-Blumenmischung-1024x795.jpg 1024w, https:\/\/www.xn--landschildkrte-6pb.de\/haltung\/wp-content\/uploads\/2022\/01\/Schildkroeten-Samenmischung-Kraeutermischung-Blumenmischung-300x233.jpg 300w, https:\/\/www.xn--landschildkrte-6pb.de\/haltung\/wp-content\/uploads\/2022\/01\/Schildkroeten-Samenmischung-Kraeutermischung-Blumenmischung-768x596.jpg 768w, https:\/\/www.xn--landschildkrte-6pb.de\/haltung\/wp-content\/uploads\/2022\/01\/Schildkroeten-Samenmischung-Kraeutermischung-Blumenmischung.jpg 1500w\" sizes=\"auto, (max-width: 1024px) 100vw, 1024px\" \/><\/a><\/figure><\/li><\/ul><\/figure>\n\n\n<\/div>\n\n\n\n<div id=\"collection-component-1677694106873\"><\/div>\n<script type=\"text\/javascript\">\n\/*<![CDATA[*\/\n(function () {\n  var scriptURL = 'https:\/\/sdks.shopifycdn.com\/buy-button\/latest\/buy-button-storefront.min.js';\n  if (window.ShopifyBuy) {\n    if (window.ShopifyBuy.UI) {\n      ShopifyBuyInit();\n    } else {\n      loadScript();\n    }\n  } else {\n    loadScript();\n  }\n  function loadScript() {\n    var script = document.createElement('script');\n    script.async = true;\n    script.src = scriptURL;\n    (document.getElementsByTagName('head')[0] || document.getElementsByTagName('body')[0]).appendChild(script);\n    script.onload = ShopifyBuyInit;\n  }\n  function ShopifyBuyInit() {\n    var client = ShopifyBuy.buildClient({\n      domain: 'schildkrotenshop.myshopify.com',\n      storefrontAccessToken: '47479665dc8e402ddefb36f780802909',\n    });\n    ShopifyBuy.UI.onReady(client).then(function (ui) {\n      ui.createComponent('collection', {\n        id: '479476908297',\n        node: document.getElementById('collection-component-1677694106873'),\n        moneyFormat: '%E2%82%AC%7B%7Bamount_with_comma_separator%7D%7D',\n        options: {\n  \"product\": {\n    \"styles\": {\n      \"product\": {\n        \"@media (min-width: 601px)\": {\n          \"max-width\": \"calc(25% - 20px)\",\n          \"margin-left\": \"20px\",\n          \"margin-bottom\": \"50px\",\n          \"width\": \"calc(25% - 20px)\"\n        }\n      },\n      \"button\": {\n        \":hover\": {\n          \"background-color\": \"#8cad0e\"\n        },\n        \"background-color\": \"#9cc00f\",\n        \":focus\": {\n          \"background-color\": \"#8cad0e\"\n        }\n      }\n    },\n    \"buttonDestination\": \"modal\",\n    \"contents\": {\n      \"options\": false\n    },\n    \"text\": {\n      \"button\": \"Produktdetails\"\n    }\n  },\n  \"productSet\": {\n    \"styles\": {\n      \"products\": {\n        \"@media (min-width: 601px)\": {\n          \"margin-left\": \"-20px\"\n        }\n      }\n    }\n  },\n  \"modalProduct\": {\n    \"contents\": {\n      \"img\": false,\n      \"imgWithCarousel\": true,\n      \"button\": false,\n      \"buttonWithQuantity\": true\n    },\n    \"styles\": {\n      \"product\": {\n        \"@media (min-width: 601px)\": {\n          \"max-width\": \"100%\",\n          \"margin-left\": \"0px\",\n          \"margin-bottom\": \"0px\"\n        }\n      },\n      \"button\": {\n        \":hover\": {\n          \"background-color\": \"#8cad0e\"\n        },\n        \"background-color\": \"#9cc00f\",\n        \":focus\": {\n          \"background-color\": \"#8cad0e\"\n        }\n      }\n    },\n    \"text\": {\n      \"button\": \"Warenkorb\"\n    }\n  },\n  \"option\": {},\n  \"cart\": {\n    \"styles\": {\n      \"button\": {\n        \":hover\": {\n          \"background-color\": \"#8cad0e\"\n        },\n        \"background-color\": \"#9cc00f\",\n        \":focus\": {\n          \"background-color\": \"#8cad0e\"\n        }\n      }\n    },\n    \"text\": {\n      \"title\": \"Warenkorb\",\n      \"total\": \"Preis\",\n      \"empty\": \"Dein Warenkorb ist leer.\",\n      \"notice\": \"Versandkosten werden im n\u00e4chsten Schritt berechnet.\",\n      \"button\": \"Zahlung\",\n      \"noteDescription\": \"Bestellhinweis \/ Anmerkung\"\n    },\n    \"popup\": false\n  },\n  \"toggle\": {\n    \"styles\": {\n      \"toggle\": {\n        \"background-color\": \"#9cc00f\",\n        \":hover\": {\n          \"background-color\": \"#8cad0e\"\n        },\n        \":focus\": {\n          \"background-color\": \"#8cad0e\"\n        }\n      }\n    }\n  }\n},\n      });\n    });\n  }\n})();\n\/*]]>*\/\n<\/script>\n\n<div id=\"collection-component-1677694160487\"><\/div>\n<script type=\"text\/javascript\">\n\/*<![CDATA[*\/\n(function () {\n  var scriptURL = 'https:\/\/sdks.shopifycdn.com\/buy-button\/latest\/buy-button-storefront.min.js';\n  if (window.ShopifyBuy) {\n    if (window.ShopifyBuy.UI) {\n      ShopifyBuyInit();\n    } else {\n      loadScript();\n    }\n  } else {\n    loadScript();\n  }\n  function loadScript() {\n    var script = document.createElement('script');\n    script.async = true;\n    script.src = scriptURL;\n    (document.getElementsByTagName('head')[0] || document.getElementsByTagName('body')[0]).appendChild(script);\n    script.onload = ShopifyBuyInit;\n  }\n  function ShopifyBuyInit() {\n    var client = ShopifyBuy.buildClient({\n      domain: 'schildkrotenshop.myshopify.com',\n      storefrontAccessToken: '47479665dc8e402ddefb36f780802909',\n    });\n    ShopifyBuy.UI.onReady(client).then(function (ui) {\n      ui.createComponent('collection', {\n        id: '392723169531',\n        node: document.getElementById('collection-component-1677694160487'),\n        moneyFormat: '%E2%82%AC%7B%7Bamount_with_comma_separator%7D%7D',\n        options: {\n  \"product\": {\n    \"styles\": {\n      \"product\": {\n        \"@media (min-width: 601px)\": {\n          \"max-width\": \"calc(25% - 20px)\",\n          \"margin-left\": \"20px\",\n          \"margin-bottom\": \"50px\",\n          \"width\": \"calc(25% - 20px)\"\n        }\n      },\n      \"button\": {\n        \":hover\": {\n          \"background-color\": \"#8cad0e\"\n        },\n        \"background-color\": \"#9cc00f\",\n        \":focus\": {\n          \"background-color\": \"#8cad0e\"\n        }\n      }\n    },\n    \"buttonDestination\": \"modal\",\n    \"contents\": {\n      \"options\": false\n    },\n    \"text\": {\n      \"button\": \"Produktdetails\"\n    }\n  },\n  \"productSet\": {\n    \"styles\": {\n      \"products\": {\n        \"@media (min-width: 601px)\": {\n          \"margin-left\": \"-20px\"\n        }\n      }\n    }\n  },\n  \"modalProduct\": {\n    \"contents\": {\n      \"img\": false,\n      \"imgWithCarousel\": true,\n      \"button\": false,\n      \"buttonWithQuantity\": true\n    },\n    \"styles\": {\n      \"product\": {\n        \"@media (min-width: 601px)\": {\n          \"max-width\": \"100%\",\n          \"margin-left\": \"0px\",\n          \"margin-bottom\": \"0px\"\n        }\n      },\n      \"button\": {\n        \":hover\": {\n          \"background-color\": \"#8cad0e\"\n        },\n        \"background-color\": \"#9cc00f\",\n        \":focus\": {\n          \"background-color\": \"#8cad0e\"\n        }\n      }\n    },\n    \"text\": {\n      \"button\": \"Warenkorb\"\n    }\n  },\n  \"option\": {},\n  \"cart\": {\n    \"styles\": {\n      \"button\": {\n        \":hover\": {\n          \"background-color\": \"#8cad0e\"\n        },\n        \"background-color\": \"#9cc00f\",\n        \":focus\": {\n          \"background-color\": \"#8cad0e\"\n        }\n      }\n    },\n    \"text\": {\n      \"title\": \"Warenkorb\",\n      \"total\": \"Preis\",\n      \"empty\": \"Dein Warenkorb ist leer.\",\n      \"notice\": \"Versandkosten werden im n\u00e4chsten Schritt berechnet.\",\n      \"button\": \"Zahlung\",\n      \"noteDescription\": \"Bestellhinweis \/ Anmerkung\"\n    },\n    \"popup\": false\n  },\n  \"toggle\": {\n    \"styles\": {\n      \"toggle\": {\n        \"background-color\": \"#9cc00f\",\n        \":hover\": {\n          \"background-color\": \"#8cad0e\"\n        },\n        \":focus\": {\n          \"background-color\": \"#8cad0e\"\n        }\n      }\n    }\n  }\n},\n      });\n    });\n  }\n})();\n\/*]]>*\/\n<\/script>\n","protected":false},"excerpt":{"rendered":"","protected":false},"author":1,"featured_media":13835,"parent":4595,"menu_order":0,"comment_status":"closed","ping_status":"closed","template":"page-fullwidth.php","meta":{"_exactmetrics_skip_tracking":false,"_exactmetrics_sitenote_active":false,"_exactmetrics_sitenote_note":"","_exactmetrics_sitenote_category":0,"footnotes":""},"class_list":["post-4750","page","type-page","status-publish","has-post-thumbnail","hentry"],"aioseo_notices":[],"publishpress_future_action":{"enabled":false,"date":"2026-04-17 10:11:19","action":"change-status","newStatus":"draft","terms":[],"taxonomy":"","extraData":[]},"publishpress_future_workflow_manual_trigger":{"enabledWorkflows":[]},"_links":{"self":[{"href":"https:\/\/www.xn--landschildkrte-6pb.de\/haltung\/wp-json\/wp\/v2\/pages\/4750","targetHints":{"allow":["GET"]}}],"collection":[{"href":"https:\/\/www.xn--landschildkrte-6pb.de\/haltung\/wp-json\/wp\/v2\/pages"}],"about":[{"href":"https:\/\/www.xn--landschildkrte-6pb.de\/haltung\/wp-json\/wp\/v2\/types\/page"}],"author":[{"embeddable":true,"href":"https:\/\/www.xn--landschildkrte-6pb.de\/haltung\/wp-json\/wp\/v2\/users\/1"}],"replies":[{"embeddable":true,"href":"https:\/\/www.xn--landschildkrte-6pb.de\/haltung\/wp-json\/wp\/v2\/comments?post=4750"}],"version-history":[{"count":33,"href":"https:\/\/www.xn--landschildkrte-6pb.de\/haltung\/wp-json\/wp\/v2\/pages\/4750\/revisions"}],"predecessor-version":[{"id":19941,"href":"https:\/\/www.xn--landschildkrte-6pb.de\/haltung\/wp-json\/wp\/v2\/pages\/4750\/revisions\/19941"}],"up":[{"embeddable":true,"href":"https:\/\/www.xn--landschildkrte-6pb.de\/haltung\/wp-json\/wp\/v2\/pages\/4595"}],"wp:featuredmedia":[{"embeddable":true,"href":"https:\/\/www.xn--landschildkrte-6pb.de\/haltung\/wp-json\/wp\/v2\/media\/13835"}],"wp:attachment":[{"href":"https:\/\/www.xn--landschildkrte-6pb.de\/haltung\/wp-json\/wp\/v2\/media?parent=4750"}],"curies":[{"name":"wp","href":"https:\/\/api.w.org\/{rel}","templated":true}]}}