{"id":4933,"date":"2017-08-20T19:29:17","date_gmt":"2017-08-20T19:29:17","guid":{"rendered":"https:\/\/www.landschildkroeten.de\/?page_id=4933"},"modified":"2023-03-02T03:30:02","modified_gmt":"2023-03-02T03:30:02","slug":"licht-beleuchtung","status":"publish","type":"page","link":"https:\/\/www.xn--landschildkrte-6pb.de\/haltung\/schildkroetenshop\/licht-beleuchtung\/","title":{"rendered":"Licht &#038; Beleuchtung"},"content":{"rendered":"<div class=\"extra-wrap block_7\">\nHier stelle ich meine Top 10 aus dem Bereich Licht &amp; Beleuchtung f\u00fcr Schildkr\u00f6ten vor, die ich f\u00fcrs Fr\u00fchbeet und Terrarium f\u00fcr Schildkr\u00f6ten-geeignet halte. Aber auch hier der gewohnte Hinweis, dass Griechische Landschildkr\u00f6ten nur dann artgerecht gehalten werden k\u00f6nnen, wenn man ihnen ein <a href=\"https:\/\/www.xn--landschildkrte-6pb.de\/gehege\/freigehege-gehege-fuer-landschildkroeten\/\">Freigehege<\/a> mit echter Sonne zur Verf\u00fcgung stellt. Keine W\u00e4rme- oder UV-Lampe k\u00f6nnte die Sonne jemals ersetzen.<\/p>\n<p><img loading=\"lazy\" decoding=\"async\" class=\"alignright wp-image-7776 size-large\" src=\"https:\/\/www.xn--landschildkrte-6pb.de\/haltung\/wp-content\/uploads\/2020\/03\/Lampen-und-Beleuchtung-f\u00fcr-Schildkr\u00f6ten-1024x1024.jpg\" alt=\"\" width=\"604\" height=\"604\" srcset=\"https:\/\/www.xn--landschildkrte-6pb.de\/haltung\/wp-content\/uploads\/2020\/03\/Lampen-und-Beleuchtung-f\u00fcr-Schildkr\u00f6ten-1024x1024.jpg 1024w, https:\/\/www.xn--landschildkrte-6pb.de\/haltung\/wp-content\/uploads\/2020\/03\/Lampen-und-Beleuchtung-f\u00fcr-Schildkr\u00f6ten-300x300.jpg 300w, https:\/\/www.xn--landschildkrte-6pb.de\/haltung\/wp-content\/uploads\/2020\/03\/Lampen-und-Beleuchtung-f\u00fcr-Schildkr\u00f6ten-150x150.jpg 150w, https:\/\/www.xn--landschildkrte-6pb.de\/haltung\/wp-content\/uploads\/2020\/03\/Lampen-und-Beleuchtung-f\u00fcr-Schildkr\u00f6ten-768x768.jpg 768w, https:\/\/www.xn--landschildkrte-6pb.de\/haltung\/wp-content\/uploads\/2020\/03\/Lampen-und-Beleuchtung-f\u00fcr-Schildkr\u00f6ten.jpg 1181w\" sizes=\"auto, (max-width: 604px) 100vw, 604px\" \/><\/p>\n<ol>\n<li>Dieses <a href=\"https:\/\/www.xn--schildkrten-yfb.net\/produkt\/lucky-reptile-bright-sun-uv-desert-70-w-komplettset-metalldampflampe-inklusive-passende-fassung-und-vorschaltgeraet\/\" target=\"_blank\" rel=\"noopener noreferrer\">Bright Sun Komplettset<\/a> enth\u00e4lt alles, um es sofort f\u00fcr Schildkr\u00f6ten im <b>Terrarium<\/b> in Betrieb nehmen zu k\u00f6nnen. Enthalten ist ein elektronisches <a href=\"https:\/\/www.xn--schildkrten-yfb.net\/produkt\/tropicshop-vorschaltgeraet-fuer-metalldampflampen-wie-solar-raptor-bright-sun-dragolux-etc-hqi-hdi-universal-35-50-70w-incl-fassung\/\" target=\"_blank\" rel=\"noopener noreferrer\">Vorschaltger\u00e4t<\/a>, die Thermo Socket Pro Fassung aus hitzebest\u00e4ndigem Keramik und die UVA- und UVB-Strahlung abgebende Lucky Reptile Bright Sun UV Desert, Metalldampflampe (E27 Fassung). Auch das Kabel ist hitzebest\u00e4ndig und w\u00e4rmeisolierend, wodurch eine Maximalleistung von 300W betrieben werden kann. Die Komponenten k\u00f6nnen ganz einfach zusammengesteckt werden. Es ist also keine komplizierte Installation erforderlich. Auch wenn KEINE Lampe die Sonne ersetzen kann, ist die Bright Sun ihr am \u00e4hnlichsten. Mehr Informationen zur Helligkeit der Sonne im Vergleich zur Bright Sun hier: <a href=\"https:\/\/www.xn--landschildkrte-6pb.de\/beleuchtung\/beleuchtung-lucky-reptile-bright-sun-desert\/\">Beleuchtung<\/a>.<br>\n<a href=\"https:\/\/www.schildkr\u00f6ten.net\/produkt\/lucky-reptile-bright-sun-uv-desert-70-w-komplettset-metalldampflampe-inklusive-passende-fassung-und-vorschaltgeraet\/\" title=\"Bright Sun Komplettset\" class=\"btn btn-primary btn-normal btn-inline \" target=\"_blank\"><i class=\"icon-shopping-cart\"><\/i>Bright Sun Komplettset<\/a><!-- .btn --><div class=\"hr\"><\/div><!-- .hr (end) --><\/li>\n<li>Ein sehr guter Kompromiss zwischen der Bright Sun UV-Desert und einem einfachen Spotstrahler ist die <a href=\"https:\/\/xn--schildkrten-yfb.de\/products\/uv-lampe\" target=\"_blank\" rel=\"noopener\">UV-Lampe D3 UV Heat Spot 80 Watt von Terra Exotica<\/a> mit Tageslichtspektrum und UV-A und UV-B Abgabe. F\u00fcr Landschildkr\u00f6ten, die im Sommer echte Sonne genie\u00dfen d\u00fcrfen und nur in den \u00dcbergangszeiten im <b>Terrarium<\/b> sind, ist diese Lampe gut geeignet.<br>\n<a href=\"https:\/\/xn--schildkrten-yfb.de\/products\/uv-lampe\" title=\"UV Heat Spot 80 Watt bestellen\" class=\"btn btn-primary btn-normal btn-inline \" target=\"_blank\"><i class=\"icon-shopping-cart\"><\/i>UV Heat Spot 80 Watt bestellen<\/a><!-- .btn --><div class=\"hr\"><\/div><!-- .hr (end) --><\/li>\n<li>Wer im Schildkr\u00f6ten-<b>Terrarium<\/b> nur einen W\u00e4rmestrahler (ohne UV-Anteile) ben\u00f6tigt, ist mit einem <a href=\"https:\/\/xn--schildkrten-yfb.de\/products\/waermelampe-spotstrahler-75-watt\" target=\"_blank\" rel=\"noopener\">Spotstrahler 75 Watt<\/a> gut versorgt. Sie erschafft helle und warme Pl\u00e4tze zum Sonnenbaden f\u00fcr die Schildkr\u00f6te. Es ist kein externes Startger\u00e4t erforderlich. Lediglich eine Porzellanfassung oder ein Metallschutzkorb, wie etwas weiter unten zu sehen, ist notwendig.<br>\n<a href=\"https:\/\/xn--schildkrten-yfb.de\/products\/waermelampe-spotstrahler-75-watt\" title=\"Spotstrahler 75 Watt bestellen\" class=\"btn btn-primary btn-normal btn-inline \" target=\"_blank\"><i class=\"icon-shopping-cart\"><\/i>Spotstrahler 75 Watt bestellen<\/a><!-- .btn --><div class=\"hr\"><\/div><!-- .hr (end) --><\/li>\n<li>Dieser <a href=\"https:\/\/www.xn--schildkrten-yfb.net\/produkt\/lucky-reptile-hs-35-halogen-sun-35-w\/\" target=\"_blank\" rel=\"noopener noreferrer\">W\u00e4rme-Spotstrahler mit 35 Watt<\/a> eignet sich als W\u00e4rmequelle f\u00fcr Schl\u00fcpflinge und f\u00fcr kleine <b>Terrarien<\/b> als \u00dcbergangsl\u00f6sung (z.B. f\u00fcr die Zeit vor und nach der Winterruhe) . Sie schafft schafft warme Sonnenpl\u00e4tze und erh\u00f6ht die Umgebungstemperatur im Schildkr\u00f6ten-Terrarium.<br>\n<a href=\"https:\/\/www.schildkr\u00f6ten.net\/produkt\/lucky-reptile-hs-35-halogen-sun-35-w\/\" title=\"Bestellung W\u00e4rme-Spotstrahler\" class=\"btn btn-primary btn-normal btn-inline \" target=\"_blank\"><i class=\"icon-shopping-cart\"><\/i>Bestellung W\u00e4rme-Spotstrahler<\/a><!-- .btn --><div class=\"hr\"><\/div><!-- .hr (end) --><\/li>\n<li>Den <a href=\"https:\/\/www.xn--schildkrten-yfb.net\/produkt\/lucky-reptile-lc-1b-lamp-support-2-in-1-schwarz\/\" target=\"_blank\" rel=\"noopener noreferrer\">Lamp Support \"2 in 1\" Lampenst\u00e4nder von Lucky Reptile<\/a> gibt es in den Farben schwarz und wei\u00df. Er ist in H\u00f6he und L\u00e4nge sehr flexibel verstellbar und man kann somit die W\u00e4rme des Sonnenplatzes perfekt justieren. Den gro\u00dfen Standfu\u00df kann man einfach neben dem <b>Terrarium<\/b> platzieren oder - da er sehr flach ist - einfach unter das Terrarium schieben. Aber auch an die R\u00fcckseite des Terrariums kleben ist m\u00f6glich.<br>\n<a href=\"https:\/\/www.schildkr\u00f6ten.net\/produkt\/lucky-reptile-lc-1b-lamp-support-2-in-1-schwarz\/\" title=\"Lampenst\u00e4nder kaufen\" class=\"btn btn-primary btn-normal btn-inline \" target=\"_blank\"><i class=\"icon-shopping-cart\"><\/i>Lampenst\u00e4nder kaufen<\/a><!-- .btn --><div class=\"hr\"><\/div><!-- .hr (end) --><\/li>\n<li>Passende und hitzestabile <a href=\"https:\/\/xn--schildkrten-yfb.de\/products\/keramikfassung-par38-elsteinstrahler\" target=\"_blank\" rel=\"noopener noreferrer\">Trixie 76110 Keramikfassung Pro Socket<\/a> f\u00fcr alle E 27 Strahler bis 250 Watt. Sie hat eine Kabell\u00e4nge von 1,80 Meter mit An- und Aus-Schalter und ist sowohl f\u00fcr <b>Terrarium<\/b> als auch f\u00fcrs <b>Fr\u00fchbeet<\/b> geeignet.<br>\n<a href=\"https:\/\/xn--schildkrten-yfb.de\/products\/keramikfassung-par38-elsteinstrahler\" title=\"Keramikfassung Pro Socket\" class=\"btn btn-primary btn-normal btn-inline \" target=\"_blank\"><i class=\"icon-shopping-cart\"><\/i>Keramikfassung Pro Socket<\/a><!-- .btn --><div class=\"hr\"><\/div><!-- .hr (end) --><\/li>\n<li>Eine 75 Watt W\u00e4rmelampe ist f\u00fcr den Tag die wichtigste Beleuchtung (Sonnenplatz) im Schildkr\u00f6ten-<b>Fr\u00fchbeet<\/b> in den dunklen und k\u00fchlen \u00dcbergangszeiten unserer Breitengrade. Er erzeugt bis zu 20 % mehr Licht als konventionelle Reflektorlampen und hat eine Lebensdauer von 2.000 h. In meinem Fr\u00fchbeet bevorzuge ich einen Schutzkorb wie auf Position 6 beschrieben.<br>\n<a href=\"https:\/\/xn--schildkrten-yfb.de\/products\/waermelampe-spotstrahler-75-watt\" title=\"Fr\u00fchbeet-W\u00e4rmelampe kaufen\" class=\"btn btn-primary btn-normal btn-inline \" target=\"_blank\"><i class=\"icon-shopping-cart\"><\/i>Fr\u00fchbeet-W\u00e4rmelampe kaufen<\/a><!-- .btn --><div class=\"hr\"><\/div><!-- .hr (end) --><\/li>\n<li>Ein keramischer Infrarot Dunkelstrahler und sorgt im <b>Fr\u00fchbeet<\/b> mithilfe eines <a href=\"https:\/\/xn--schildkrten-yfb.de\/products\/thermo-timer-schildkroeten\" target=\"_blank\" rel=\"noopener\">Thermotimers<\/a> daf\u00fcr, dass es ohne Lichtabgabe nachts beheizt werden kann, ohne dass die Schildkr\u00f6ten denken es w\u00e4re Tag.<br>\n<a href=\"https:\/\/xn--schildkrten-yfb.de\/products\/keramikheizstrahler-dunkelstrahler-infrarotstrahler-150-watt\" title=\"Dunkelstrahler bestellen\" class=\"btn btn-primary btn-normal btn-inline \" target=\"_blank\"><i class=\"icon-shopping-cart\"><\/i>Dunkelstrahler bestellen<\/a><!-- .btn --><div class=\"hr\"><\/div><!-- .hr (end) --><\/li>\n<li>Dieser <a href=\"https:\/\/xn--schildkrten-yfb.de\/products\/metallschutzkorb\" target=\"_blank\" rel=\"noopener\">Schutzkorb<\/a> ist f\u00fcr Lampen wie z.B. die hier aufgef\u00fchrten 75 Watt Spotstrahler und den Dunkelstrahler im <b>Fr\u00fchbeet <\/b>optimal geeignet (bis 250 Watt, E27 Fassungen). Die Vorteile im Vergleich zur gew\u00f6hnlichen Porzellanfassung:<br>\n- man verbrennt sich beim Hantieren im Fr\u00fchbeet nicht an der hei\u00dfen Lampe und<br>\n- kann sie nicht so leicht besch\u00e4digen,<br>\n- man erreicht eine bessere W\u00e4rmeabstrahlung als mit einer Fassung ohne Aluminium-Reflektor.<br>\n<a href=\"https:\/\/xn--schildkrten-yfb.de\/products\/metallschutzkorb\" title=\"Bestellung Schutzkorb\" class=\"btn btn-primary btn-normal btn-inline \" target=\"_blank\"><i class=\"icon-shopping-cart\"><\/i>Bestellung Schutzkorb<\/a><!-- .btn --><div class=\"hr\"><\/div><!-- .hr (end) --><\/li>\n<\/ol>\n<h2>W\u00e4rmelampen und UV-Lampen im Onlineshop<\/h2>\n<a href=\"https:\/\/xn--schildkrten-yfb.de\/collections\/beleuchtung\" title=\"Zu den Lampen unseres Onlineshops\" class=\"btn btn-primary btn-normal btn-inline \" target=\"_blank\"><i class=\"icon-arrow-right\"><\/i>Zu den Lampen unseres Onlineshops<\/a><!-- .btn -->\n<\/div>\n\n\n<div id='collection-component-1677727783606'><\/div>\n<script type=\"text\/javascript\">\n\/*<![CDATA[*\/\n(function () {\n  var scriptURL = 'https:\/\/sdks.shopifycdn.com\/buy-button\/latest\/buy-button-storefront.min.js';\n  if (window.ShopifyBuy) {\n    if (window.ShopifyBuy.UI) {\n      ShopifyBuyInit();\n    } else {\n      loadScript();\n    }\n  } else {\n    loadScript();\n  }\n  function loadScript() {\n    var script = document.createElement('script');\n    script.async = true;\n    script.src = scriptURL;\n    (document.getElementsByTagName('head')[0] || document.getElementsByTagName('body')[0]).appendChild(script);\n    script.onload = ShopifyBuyInit;\n  }\n  function ShopifyBuyInit() {\n    var client = ShopifyBuy.buildClient({\n      domain: 'schildkrotenshop.myshopify.com',\n      storefrontAccessToken: '47479665dc8e402ddefb36f780802909',\n    });\n    ShopifyBuy.UI.onReady(client).then(function (ui) {\n      ui.createComponent('collection', {\n        id: '389362123003',\n        node: document.getElementById('collection-component-1677727783606'),\n        moneyFormat: '%E2%82%AC%7B%7Bamount_with_comma_separator%7D%7D',\n        options: {\n  \"product\": {\n    \"styles\": {\n      \"product\": {\n        \"@media (min-width: 601px)\": {\n          \"max-width\": \"calc(25% - 20px)\",\n          \"margin-left\": \"20px\",\n          \"margin-bottom\": \"50px\",\n          \"width\": \"calc(25% - 20px)\"\n        }\n      },\n      \"button\": {\n        \":hover\": {\n          \"background-color\": \"#8cad0e\"\n        },\n        \"background-color\": \"#9cc00f\",\n        \":focus\": {\n          \"background-color\": \"#8cad0e\"\n        }\n      }\n    },\n    \"buttonDestination\": \"modal\",\n    \"contents\": {\n      \"options\": false\n    },\n    \"text\": {\n      \"button\": \"Produktdetails\"\n    }\n  },\n  \"productSet\": {\n    \"styles\": {\n      \"products\": {\n        \"@media (min-width: 601px)\": {\n          \"margin-left\": \"-20px\"\n        }\n      }\n    }\n  },\n  \"modalProduct\": {\n    \"contents\": {\n      \"img\": false,\n      \"imgWithCarousel\": true,\n      \"button\": false,\n      \"buttonWithQuantity\": true\n    },\n    \"styles\": {\n      \"product\": {\n        \"@media (min-width: 601px)\": {\n          \"max-width\": \"100%\",\n          \"margin-left\": \"0px\",\n          \"margin-bottom\": \"0px\"\n        }\n      },\n      \"button\": {\n        \":hover\": {\n          \"background-color\": \"#8cad0e\"\n        },\n        \"background-color\": \"#9cc00f\",\n        \":focus\": {\n          \"background-color\": \"#8cad0e\"\n        }\n      }\n    },\n    \"text\": {\n      \"button\": \"Warenkorb\"\n    }\n  },\n  \"option\": {},\n  \"cart\": {\n    \"styles\": {\n      \"button\": {\n        \":hover\": {\n          \"background-color\": \"#8cad0e\"\n        },\n        \"background-color\": \"#9cc00f\",\n        \":focus\": {\n          \"background-color\": \"#8cad0e\"\n        }\n      }\n    },\n    \"text\": {\n      \"title\": \"Warenkorb\",\n      \"total\": \"Preis\",\n      \"empty\": \"Dein Warenkorb ist leer.\",\n      \"notice\": \"Versandkosten werden im n\u00e4chsten Schritt berechnet.\",\n      \"button\": \"Zahlung\",\n      \"noteDescription\": \"Bestellhinweis \/ Anmerkung\"\n    },\n    \"popup\": false\n  },\n  \"toggle\": {\n    \"styles\": {\n      \"toggle\": {\n        \"background-color\": \"#9cc00f\",\n        \":hover\": {\n          \"background-color\": \"#8cad0e\"\n        },\n        \":focus\": {\n          \"background-color\": \"#8cad0e\"\n        }\n      }\n    }\n  }\n},\n      });\n    });\n  }\n})();\n\/*]]>*\/\n<\/script>\n","protected":false},"excerpt":{"rendered":"","protected":false},"author":1,"featured_media":0,"parent":4595,"menu_order":0,"comment_status":"closed","ping_status":"closed","template":"page-fullwidth.php","meta":{"_exactmetrics_skip_tracking":false,"_exactmetrics_sitenote_active":false,"_exactmetrics_sitenote_note":"","_exactmetrics_sitenote_category":0,"footnotes":""},"class_list":["post-4933","page","type-page","status-publish","hentry"],"aioseo_notices":[],"publishpress_future_action":{"enabled":false,"date":"2026-04-29 15:55:53","action":"change-status","newStatus":"draft","terms":[],"taxonomy":"","extraData":[]},"publishpress_future_workflow_manual_trigger":{"enabledWorkflows":[]},"_links":{"self":[{"href":"https:\/\/www.xn--landschildkrte-6pb.de\/haltung\/wp-json\/wp\/v2\/pages\/4933","targetHints":{"allow":["GET"]}}],"collection":[{"href":"https:\/\/www.xn--landschildkrte-6pb.de\/haltung\/wp-json\/wp\/v2\/pages"}],"about":[{"href":"https:\/\/www.xn--landschildkrte-6pb.de\/haltung\/wp-json\/wp\/v2\/types\/page"}],"author":[{"embeddable":true,"href":"https:\/\/www.xn--landschildkrte-6pb.de\/haltung\/wp-json\/wp\/v2\/users\/1"}],"replies":[{"embeddable":true,"href":"https:\/\/www.xn--landschildkrte-6pb.de\/haltung\/wp-json\/wp\/v2\/comments?post=4933"}],"version-history":[{"count":35,"href":"https:\/\/www.xn--landschildkrte-6pb.de\/haltung\/wp-json\/wp\/v2\/pages\/4933\/revisions"}],"predecessor-version":[{"id":19414,"href":"https:\/\/www.xn--landschildkrte-6pb.de\/haltung\/wp-json\/wp\/v2\/pages\/4933\/revisions\/19414"}],"up":[{"embeddable":true,"href":"https:\/\/www.xn--landschildkrte-6pb.de\/haltung\/wp-json\/wp\/v2\/pages\/4595"}],"wp:attachment":[{"href":"https:\/\/www.xn--landschildkrte-6pb.de\/haltung\/wp-json\/wp\/v2\/media?parent=4933"}],"curies":[{"name":"wp","href":"https:\/\/api.w.org\/{rel}","templated":true}]}}