{"id":4964,"date":"2017-11-06T12:00:51","date_gmt":"2017-11-06T12:00:51","guid":{"rendered":"https:\/\/www.landschildkroeten.de\/?page_id=4964"},"modified":"2025-02-26T11:33:30","modified_gmt":"2025-02-26T11:33:30","slug":"kleine-schwarze-fliegen-in-der-wohnung","status":"publish","type":"page","link":"https:\/\/www.xn--landschildkrte-6pb.de\/haltung\/kleine-schwarze-fliegen-in-der-wohnung\/","title":{"rendered":"Kleine schwarze Fliegen in der Wohnung?"},"content":{"rendered":"<div class=\"extra-wrap block_7\">Wohl fast jeder hatte sie schon in der Wohnung: Kleine schwarze Fliegen und man wei\u00df nicht was sie genau sind und wo sie herkommen! Sind es Obstfliegen? Nein - es sind Trauerm\u00fccken. Sie leben an Pflanzen und vermehren &amp; entwickeln sich vorzugsweise in Blument\u00f6pfen oder in der Erde im Schildkr\u00f6ten-Terrarium.<\/p>\n<h3>L\u00e4stig f\u00fcr Menschen &amp; gef\u00e4hrlich f\u00fcr Pflanzen<\/h3>\n<div id=\"attachment_4974\" style=\"width: 614px\" class=\"wp-caption alignright\"><img loading=\"lazy\" decoding=\"async\" aria-describedby=\"caption-attachment-4974\" class=\"wp-image-4974 size-large\" src=\"https:\/\/www.xn--landschildkrte-6pb.de\/haltung\/wp-content\/uploads\/2017\/11\/kleine-schwarze-Fliegen-1024x576.jpg\" alt=\"\" width=\"604\" height=\"340\" srcset=\"https:\/\/www.xn--landschildkrte-6pb.de\/haltung\/wp-content\/uploads\/2017\/11\/kleine-schwarze-Fliegen-1024x576.jpg 1024w, https:\/\/www.xn--landschildkrte-6pb.de\/haltung\/wp-content\/uploads\/2017\/11\/kleine-schwarze-Fliegen-300x169.jpg 300w, https:\/\/www.xn--landschildkrte-6pb.de\/haltung\/wp-content\/uploads\/2017\/11\/kleine-schwarze-Fliegen-768x432.jpg 768w, https:\/\/www.xn--landschildkrte-6pb.de\/haltung\/wp-content\/uploads\/2017\/11\/kleine-schwarze-Fliegen.jpg 1118w\" sizes=\"auto, (max-width: 604px) 100vw, 604px\" \/><p id=\"caption-attachment-4974\" class=\"wp-caption-text\">Kleine schwarze Fliegen auf dem Fensterbrett<\/p><\/div>\n<p>Oft sieht man viele tote kleine schwarzen Fliegen auf Fensterb\u00e4nken oder auf dem Boden herumliegen und sieht kleine Exemplare in der N\u00e4he von Pflanzen oder am Fenster herumfliegen.<\/p>\n<p>Das gr\u00f6\u00dfte Problem aber sind sie f\u00fcr Pflanzen, da die Weibchen ca. 200 Eier in die Blumenerde legen und deren Larven sich vorzugsweise von den Wurzeln der Pflanzen ern\u00e4hren.<\/p>\n<h3>Keine nat\u00fcrlichen Feinde in der Wohnung<\/h3>\n<p>Da sie in der Wohnung keine nat\u00fcrlichen Feinde haben, vermehren sie sich oft so stark, dass sie zur Plage werden und die Pflanzen fr\u00fcher oder sp\u00e4ter verk\u00fcmmern und absterben werden.<\/p>\n<p><img loading=\"lazy\" decoding=\"async\" class=\"alignleft wp-image-5858 size-medium\" src=\"https:\/\/www.xn--landschildkrte-6pb.de\/haltung\/wp-content\/uploads\/2017\/12\/Kleine-schwarze-Fliege-ist-eine-Trauerm\u00fccke-300x169.jpg\" alt=\"\" width=\"300\" height=\"169\" srcset=\"https:\/\/www.xn--landschildkrte-6pb.de\/haltung\/wp-content\/uploads\/2017\/12\/Kleine-schwarze-Fliege-ist-eine-Trauerm\u00fccke-300x169.jpg 300w, https:\/\/www.xn--landschildkrte-6pb.de\/haltung\/wp-content\/uploads\/2017\/12\/Kleine-schwarze-Fliege-ist-eine-Trauerm\u00fccke-768x432.jpg 768w, https:\/\/www.xn--landschildkrte-6pb.de\/haltung\/wp-content\/uploads\/2017\/12\/Kleine-schwarze-Fliege-ist-eine-Trauerm\u00fccke-1024x576.jpg 1024w, https:\/\/www.xn--landschildkrte-6pb.de\/haltung\/wp-content\/uploads\/2017\/12\/Kleine-schwarze-Fliege-ist-eine-Trauerm\u00fccke.jpg 1119w\" sizes=\"auto, (max-width: 300px) 100vw, 300px\" \/>Im Freiland sind die Fliegen kein Problem, da sie sich ins Nahrungsgef\u00fcge einf\u00fcgen und sich so nicht \u00fcbernat\u00fcrlich stark vermehren k\u00f6nnen. Blument\u00f6pfe dagegen sind ein Paradies f\u00fcr die Plagegeister, da sie hier immer genug zu Fressen und keine nat\u00fcrlichen Feinde haben.<\/p>\n<a href=\"https:\/\/www.amazon.de\/gp\/product\/B08SJF8Y7X?linkCode=sl1&amp;tag=landschildksu-21&amp;th=1\" title=\"Trauerm\u00fccken loswerden \u2013 die wirksamsten Methoden\" class=\"btn btn-primary btn-normal btn-inline \" target=\"_blank\"><i class=\"icon-arrow-right\"><\/i>Trauerm\u00fccken loswerden \u2013 die wirksamsten Methoden<\/a><!-- .btn --><div class=\"hr\"><\/div><!-- .hr (end) -->\n<h2>H\u00e4ufig gestellte Fragen \u00fcber kleine schwarze Fliegen<\/h2>\n<h3>Woher kommen die kleinen schwarzen Fliegen?<\/h3>\n<p>Die Fliegen kommen durch <strong>offene Fenster oder T\u00fcren<\/strong> (auch Balkon- und Terrassent\u00fcren) unbemerkt hinein und nisten sich in der Blumenerde von Pflanzen ein, wo sie sich teilweise sehr schnell vermehren.<\/p>\n<h3>Wie wird man die kleinen schwarzen Fliegen los?<\/h3>\n<p>Nachhaltig los bekommt man diese Fliegen nur mit <a href=\"https:\/\/www.amazon.de\/gp\/product\/B08SJF8Y7X?linkCode=sl1&amp;tag=landschildksu-21&amp;th=1\" target=\"_blank\" rel=\"noopener\">Nematoden im Gie\u00dfwasser<\/a> der Pflanzen, welche die Larven der Fliegen in der Erde bek\u00e4mpfen. Gleichzeitig kommen Gelbsticker zum Einsatz. <strong>Ausschlie\u00dflich Gelbsticker<\/strong> entfernen die Fliegen <strong>nicht<\/strong>.<\/p>\n<h3>Was genau sind diese kleinen schwarzen Fliegen?<\/h3>\n<p>Viele Menschen verwechseln die schwarzen kleinen Fliegen mit Obstfliegen. Das ist falsch - es handelt sich hierbei um <strong>Trauerm\u00fccken<\/strong>, die die Wurzeln der Pflanzen im Haus bzw. in der Wohnung sch\u00e4digen.<\/p>\n<h3>Woher kommen die vielen kleinen Fliegen?<\/h3>\n<p>Trauerm\u00fccken gibt es \u00fcberall in der Natur. Da sie dort nat\u00fcrliche Feinde im Bode haben, vermehren sie sich jedoch nicht so massenhaft wie im Haus oder in der Wohnung. Sie kommen durch offene Fenster oder T\u00fcren in die Wohnung.<\/p>\n<h3>Was hilft gegen die kleinen Fliegen in der Blumenerde?<\/h3>\n<p>Es hilft hier nur ein Mittel, das gleichzeitig die schwarzen Fliegen bek\u00e4mpft und auch deren Larven in der Erde. Hier kommt eine <a href=\"https:\/\/www.amazon.de\/gp\/product\/B08SJF8Y7X?linkCode=sl1&amp;tag=landschildksu-21&amp;th=1\" target=\"_blank\" rel=\"noopener\">Kombination aus Nematoden und Gelbstickern<\/a> zum Einsatz. Es m\u00fcssen zwingend die Fliegen (die Elterntiere) und die <strong>Larven in der Erde<\/strong> gleichzeitig bek\u00e4mpft werden.<\/p>\n<h3>Sind Trauerm\u00fccken f\u00fcr die Pflanzen gef\u00e4hrlich?<\/h3>\n<p>Leider ja. Weibliche Trauerm\u00fccken legen jeweils etwa 200 Eier in der Blumenerde von Pflanzen ab. Aus den Eiern schl\u00fcpfen Larven, welche sich vorzugsweise von den Wurzeln der Pflanzen ern\u00e4hren. Bei dauerhaftem Befall <strong>stirbt eine befallene Pflanze ab<\/strong>, wenn man nicht gegen die Trauerm\u00fccken vorgeht.<\/p>\n<p><script type=\"application\/ld+json\">{\"@context\":\"https:\/\/schema.org\",\"@type\":\"FAQPage\",\"mainEntity\":[{\"@type\":\"Question\",\"name\":\"Woher kommen die kleinen schwarzen Fliegen?\",\"acceptedAnswer\":{\"@type\":\"Answer\",\"text\":\"<\/p>\n<p>Die Fliegen kommen durch <strong>offene Fenster oder T\u00fcren<\/strong> (auch Balkon- und Terrassent\u00fcren) unbemerkt hinein und nisten sich in der Blumenerde von Pflanzen ein, wo sie sich teilweise sehr schnell vermehren.<\/p>\n<p>\"}},{\"@type\":\"Question\",\"name\":\"Wie wird man die kleinen schwarzen Fliegen los?\",\"acceptedAnswer\":{\"@type\":\"Answer\",\"text\":\"<\/p>\n<p>Nachhaltig los bekommt man diese Fliegen nur mit Nematoden im Gie\u00dfwasser der Pflanzen, welche die Larven der Fliegen in der Erde bek\u00e4mpfen. Gleichzeitig kommen Gelbsticker zum Einsatz. <strong>Ausschlie\u00dflich Gelbsticker<\/strong> entfernen die Fliegen <strong>nicht<\/strong>.<\/p>\n<p>\"}},{\"@type\":\"Question\",\"name\":\"Was genau sind diese kleinen schwarzen Fliegen?\",\"acceptedAnswer\":{\"@type\":\"Answer\",\"text\":\"<\/p>\n<p>Viele Menschen verwechseln die schwarzen kleinen Fliegen mit Obstfliegen. Das ist falsch - es handelt sich hierbei um <strong>Trauerm\u00fccken<\/strong>, die die Wurzeln der Pflanzen im Haus bzw. in der Wohnung sch\u00e4digen.<\/p>\n<p>\"}},{\"@type\":\"Question\",\"name\":\"Woher kommen die vielen kleinen Fliegen?\",\"acceptedAnswer\":{\"@type\":\"Answer\",\"text\":\"<\/p>\n<p>Trauerm\u00fccken gibt es \u00fcberall in der Natur. Da sie dort nat\u00fcrliche Feinde im Bode haben, vermehren sie sich jedoch nicht so massenhaft wie im Haus oder in der Wohnung. Sie kommen durch offene Fenster oder T\u00fcren in die Wohnung.<\/p>\n<p>\"}},{\"@type\":\"Question\",\"name\":\"Was hilft gegen die kleinen Fliegen in der Blumenerde?\",\"acceptedAnswer\":{\"@type\":\"Answer\",\"text\":\"<\/p>\n<p>Es hilft hier nur ein Mittel, das gleichzeitig die schwarzen Fliegen bek\u00e4mpft und auch deren Larven in der Erde. Hier kommt eine Kombination aus Nematoden und Gelbstickern zum Einsatz. Es m\u00fcssen zwingend die Fliegen (die Elterntiere) und die <strong>Larven in der Erde<\/strong> gleichzeitig bek\u00e4mpft werden.<\/p>\n<p>\"}},{\"@type\":\"Question\",\"name\":\"Sind Trauerm\u00fccken f\u00fcr die Pflanzen gef\u00e4hrlich?\",\"acceptedAnswer\":{\"@type\":\"Answer\",\"text\":\"<\/p>\n<p>Leider ja. Weibliche Trauerm\u00fccken legen jeweils etwa 200 Eier in der Blumenerde von Pflanzen ab. Aus den Eiern schl\u00fcpfen Larven, welche sich vorzugsweise von den Wurzeln der Pflanzen ern\u00e4hren. Bei dauerhaftem Befall <strong>stirbt eine befallene Pflanze ab<\/strong>, wenn man nicht gegen die Trauerm\u00fccken vorgeht.<\/p>\n<p>\"}}]}<\/script><\/p>\n<h3>Wie bekommt man die Fliegen wieder los?<\/h3>\n<p>Da ich aus Erfahrung spreche und schon viele verschiedene Mittel ausprobiert habe, die nur auf den ersten Blick geholfen haben, kann ich jedem nur Steinernema-feltiae-Nematoden (kurz SF-Nematoden) in Kombination mit Gelbstickern empfehlen:<\/p>\n<a href=\"https:\/\/www.amazon.de\/gp\/product\/B08SJF8Y7X?linkCode=sl1&amp;tag=landschildksu-21&amp;th=1\" title=\"Bestellung nemabest\u00ae SF Nematoden 6 Mio. (60 Pflanzen\/12m\u00b2) gegen Trauerm\u00fccken\" class=\"btn btn-primary btn-normal btn-inline \" target=\"_blank\"><i class=\"icon-shopping-cart\"><\/i>Bestellung nemabest\u00ae SF Nematoden 6 Mio. (60 Pflanzen\/12m\u00b2) gegen Trauerm\u00fccken<\/a><!-- .btn --><div class=\"hr\"><\/div><!-- .hr (end) -->\n<div id=\"attachment_7269\" style=\"width: 310px\" class=\"wp-caption alignleft\"><a href=\"https:\/\/www.xn--landschildkrte-6pb.de\/haltung\/wp-content\/uploads\/2019\/08\/Trauerm\u00fccke-in-der-Vergr\u00f6\u00dferung.jpg\" target=\"_blank\" rel=\"noopener noreferrer\"><img loading=\"lazy\" decoding=\"async\" aria-describedby=\"caption-attachment-7269\" class=\"wp-image-7269 size-medium\" src=\"https:\/\/www.xn--landschildkrte-6pb.de\/haltung\/wp-content\/uploads\/2019\/08\/Trauerm\u00fccke-in-der-Vergr\u00f6\u00dferung-300x266.jpg\" alt=\"\" width=\"300\" height=\"266\" srcset=\"https:\/\/www.xn--landschildkrte-6pb.de\/haltung\/wp-content\/uploads\/2019\/08\/Trauerm\u00fccke-in-der-Vergr\u00f6\u00dferung-300x266.jpg 300w, https:\/\/www.xn--landschildkrte-6pb.de\/haltung\/wp-content\/uploads\/2019\/08\/Trauerm\u00fccke-in-der-Vergr\u00f6\u00dferung-768x681.jpg 768w, https:\/\/www.xn--landschildkrte-6pb.de\/haltung\/wp-content\/uploads\/2019\/08\/Trauerm\u00fccke-in-der-Vergr\u00f6\u00dferung-1024x908.jpg 1024w\" sizes=\"auto, (max-width: 300px) 100vw, 300px\" \/><\/a><p id=\"caption-attachment-7269\" class=\"wp-caption-text\">Trauerm\u00fccke in der Vergr\u00f6\u00dferung<\/p><\/div>\n<p>Nematoden sind winzige, nur etwa 1 mm gro\u00dfe Fadenw\u00fcrmer, die mit dem Gie\u00dfwasser bei Pflanzen oder im Terrarium gegossen werden und aktiv nach den Trauerm\u00fccken-Larven suchen und diese auffressen. Die Nematoden werden also durch Gie\u00dfen auf die Erde eingesetzt und gleichzeitig steckt man die Gelbsticker einfach in die Erde. Die ausgewachsenen Trauerm\u00fccken bleiben dann zum Gro\u00dfteil an den Gelbstickern kleben und die Larven der Trauerm\u00fccke werden gleichzeitig am Boden bek\u00e4mpft. So ist der Spuk innerhalb weniger Tage vorbei.<\/p>\n<h3>Alle Pflanzen behandeln<\/h3>\n<p>Wichtig ist, dass man <strong>alle<\/strong> in der Wohnung vorhandenen Pflanzen damit gie\u00dft, da sich die Trauerm\u00fccken nur selten auf einen Topf beschr\u00e4nken. Und wer ein Terrarium mit Erde hat, sollte dies selbstverst\u00e4ndlich auch mit gie\u00dfen. Nematoden stellen f\u00fcr Schildkr\u00f6ten keine Gefahr dar. Nach dem Absterben der Larven sterben auch die Nematoden.<\/p>\n<p>Gelbtafeln alleine sind nicht ausreichend, da nie alle Fliegen daran gehen und die \u00dcberlebenden sich auf der Erde weiterhin verpaaren und immer wieder Eier in die Erde ablegen.<\/p>\n<p><img loading=\"lazy\" decoding=\"async\" class=\"alignleft size-full wp-image-9730\" src=\"https:\/\/www.xn--landschildkrte-6pb.de\/haltung\/wp-content\/uploads\/2020\/08\/Trauermuecken-loswerden.png\" alt=\"\" width=\"751\" height=\"337\" srcset=\"https:\/\/www.xn--landschildkrte-6pb.de\/haltung\/wp-content\/uploads\/2020\/08\/Trauermuecken-loswerden.png 751w, https:\/\/www.xn--landschildkrte-6pb.de\/haltung\/wp-content\/uploads\/2020\/08\/Trauermuecken-loswerden-300x135.png 300w\" sizes=\"auto, (max-width: 751px) 100vw, 751px\" \/><\/p>\n<p>N\u00e4here Informationen zur Bek\u00e4mpfung der l\u00e4stigen Fliegen erh\u00e4lt man auf folgender Seite:<\/p>\n<a href=\"https:\/\/www.amazon.de\/gp\/product\/B08SJF8Y7X?linkCode=sl1&amp;tag=landschildksu-21&amp;th=1\" title=\"Nematoden gegen Trauerm\u00fccken\" class=\"btn btn-primary btn-normal btn-inline \" target=\"_blank\"><i class=\"icon-arrow-right\"><\/i>Nematoden gegen Trauerm\u00fccken<\/a><!-- .btn --><div class=\"hr\"><\/div><!-- .hr (end) -->\n<h3 id=\"schmetterlingsmuecken\">Kleine schwarze Fliegen in R\u00e4umen ohne Pflanzen?<\/h3>\n<p>Wenn Sie kleine schwarze Fliegen in R\u00e4umen ohne Pflanzen (z.B. im Keller) haben, handelt es sich vermutlich um <strong>Schmetterlingsm\u00fccken<\/strong>. Diese Fliegen sind ebenfalls sehr klein und dunkel gef\u00e4rbt. Im Gegensatz zu Trauerm\u00fccken entwickeln sich deren Larven nicht in Erde sondern zumeist in Gullys, Abfluss\u00f6ffnungen oder Bodenabl\u00e4ufen, welche nicht regelm\u00e4\u00dfig gereinigt werden. Hier vermehren sich die Tiere massenhaft und liegen dann tot auf Fensterb\u00e4nken oder auf dem Boden herum.<\/p>\n<h3>Wie bek\u00e4mpft man Schmetterlingsm\u00fccken?<\/h3>\n<p>Schmetterlingsm\u00fccken kann man nur bek\u00e4mpfen, indem man die Entwicklungsorte der Larven findet und diese mit hei\u00dfem Wasser,\u00a0 Rohrreiniger und einer B\u00fcrste oder \u00c4hnlichem s\u00e4ubert. Auch in Klimaanlagen k\u00f6nnen sich die Brutst\u00e4tten befinden.<\/p>\n<\/div>\n\n\n<p><\/p>\n","protected":false},"excerpt":{"rendered":"","protected":false},"author":1,"featured_media":4966,"parent":0,"menu_order":0,"comment_status":"closed","ping_status":"closed","template":"page-fullwidth.php","meta":{"_exactmetrics_skip_tracking":false,"_exactmetrics_sitenote_active":false,"_exactmetrics_sitenote_note":"","_exactmetrics_sitenote_category":0,"footnotes":""},"class_list":["post-4964","page","type-page","status-publish","has-post-thumbnail","hentry"],"aioseo_notices":[],"publishpress_future_action":{"enabled":false,"date":"2026-04-17 10:27:38","action":"change-status","newStatus":"draft","terms":[],"taxonomy":"","extraData":[]},"publishpress_future_workflow_manual_trigger":{"enabledWorkflows":[]},"_links":{"self":[{"href":"https:\/\/www.xn--landschildkrte-6pb.de\/haltung\/wp-json\/wp\/v2\/pages\/4964","targetHints":{"allow":["GET"]}}],"collection":[{"href":"https:\/\/www.xn--landschildkrte-6pb.de\/haltung\/wp-json\/wp\/v2\/pages"}],"about":[{"href":"https:\/\/www.xn--landschildkrte-6pb.de\/haltung\/wp-json\/wp\/v2\/types\/page"}],"author":[{"embeddable":true,"href":"https:\/\/www.xn--landschildkrte-6pb.de\/haltung\/wp-json\/wp\/v2\/users\/1"}],"replies":[{"embeddable":true,"href":"https:\/\/www.xn--landschildkrte-6pb.de\/haltung\/wp-json\/wp\/v2\/comments?post=4964"}],"version-history":[{"count":57,"href":"https:\/\/www.xn--landschildkrte-6pb.de\/haltung\/wp-json\/wp\/v2\/pages\/4964\/revisions"}],"predecessor-version":[{"id":21504,"href":"https:\/\/www.xn--landschildkrte-6pb.de\/haltung\/wp-json\/wp\/v2\/pages\/4964\/revisions\/21504"}],"wp:featuredmedia":[{"embeddable":true,"href":"https:\/\/www.xn--landschildkrte-6pb.de\/haltung\/wp-json\/wp\/v2\/media\/4966"}],"wp:attachment":[{"href":"https:\/\/www.xn--landschildkrte-6pb.de\/haltung\/wp-json\/wp\/v2\/media?parent=4964"}],"curies":[{"name":"wp","href":"https:\/\/api.w.org\/{rel}","templated":true}]}}