{"id":5346,"date":"2017-11-10T11:03:16","date_gmt":"2017-11-10T11:03:16","guid":{"rendered":"https:\/\/www.landschildkroeten.de\/?page_id=5346"},"modified":"2025-03-21T19:14:50","modified_gmt":"2025-03-21T19:14:50","slug":"schildkroeten-tierarzt","status":"publish","type":"page","link":"https:\/\/www.xn--landschildkrte-6pb.de\/haltung\/schildkroeten-tierarzt\/","title":{"rendered":"Schildkr\u00f6ten Tierarzt"},"content":{"rendered":"<div class=\"extra-wrap block_7\">\n<table>\n<tbody>\n<tr>\n<td><img loading=\"lazy\" decoding=\"async\" class=\"alignnone size-thumbnail wp-image-3964\" src=\"https:\/\/www.xn--landschildkrte-6pb.de\/haltung\/wp-content\/uploads\/2017\/10\/schildkr\u00f6ten-tierarzt-150x150.png\" width=\"75\" height=\"75\" srcset=\"https:\/\/www.xn--landschildkrte-6pb.de\/haltung\/wp-content\/uploads\/2017\/10\/schildkr\u00f6ten-tierarzt-150x150.png 150w, https:\/\/www.xn--landschildkrte-6pb.de\/haltung\/wp-content\/uploads\/2017\/10\/schildkr\u00f6ten-tierarzt-300x300.png 300w, https:\/\/www.xn--landschildkrte-6pb.de\/haltung\/wp-content\/uploads\/2017\/10\/schildkr\u00f6ten-tierarzt-768x768.png 768w, https:\/\/www.xn--landschildkrte-6pb.de\/haltung\/wp-content\/uploads\/2017\/10\/schildkr\u00f6ten-tierarzt-1024x1024.png 1024w, https:\/\/www.xn--landschildkrte-6pb.de\/haltung\/wp-content\/uploads\/2017\/10\/schildkr\u00f6ten-tierarzt.png 1200w\" sizes=\"auto, (max-width: 75px) 100vw, 75px\" \/><\/td>\n<td><img decoding=\"async\" class=\"alignnone size-thumbnail wp-image-3279\" src=\"https:\/\/www.xn--landschildkrte-6pb.de\/haltung\/wp-content\/uploads\/2017\/08\/kranke-Schildkr%C3%B6te.gif\" width=\"120\"><\/td>\n<\/tr>\n<\/tbody>\n<\/table>\n<h3>Du suchst einen schildkr\u00f6tenerfahrenen Tierarzt?<\/h3>\n<p>Die Tierarzt-Ausbildung umfasst leider keine besondere Schulung f\u00fcr Schildkr\u00f6ten bzw. Reptilien. Deshalb werden leider immer noch sehr viele Schildkr\u00f6ten falsch behandelt. Es gibt in Deutschland verschiedene Landes-Tier\u00e4rztekammern, die unterschiedliche Bezeichnungen f\u00fcr den \"Fachtierarzt f\u00fcr Reptilien\" haben oder Tier\u00e4rzte mit einer Zusatzbezeichnung f\u00fcr die Spezialisierung auf Reptilien.<\/p>\n<p>Hier findest du <strong>104 schildkr\u00f6tenerfahrene Tier\u00e4rzte<\/strong> in ganz Deutschland.<\/p>\n<p>Vergr\u00f6\u00dfere diese Karte einfach in deiner N\u00e4he und finde so spezialisierte Schildkr\u00f6ten-Tier\u00e4rzte in deiner N\u00e4he. Du kannst auch direkt einen Routenplaner \u00f6ffnen lassen, damit du auch gleich eine Wegbeschreibung zu dem Tierarzt erh\u00e4ltst.<\/p>\n<p><iframe loading=\"lazy\" src=\"https:\/\/www.google.com\/maps\/d\/embed?mid=176R9VwhbvloG97yoNEwD8kRGflfML7E&amp;ehbc=2E312F&amp;noprof=1\" width=\"100%\" height=\"600\"><\/iframe><\/p>\n<h3>Fehlt hier ein Schildkr\u00f6ten-Tierarzt?<\/h3>\n<p>Solltest du aus eigener positiver oder negativer Erfahrung \u00fcberzeugt davon sein, dass hier ein <strong>Schildkr\u00f6ten-Tierarzt<\/strong> fehlt oder sich einer zu Unrecht in der \u00dcbersicht befindet, sende mir bitte eine <a href=\"https:\/\/www.xn--landschildkrte-6pb.de\/kontaktformular\/\" target=\"_blank\" rel=\"noopener noreferrer\">Nachricht<\/a>. Dieser wird dann genauer \u00fcberpr\u00fcft. Damit hilfst du anderen Schildkr\u00f6tenhaltern. Vielen Dank!<\/p>\n<h3>Als Tierarzt in die Liste schildkr\u00f6tenerfahrener Tier\u00e4rzte eintragen?<\/h3>\n<p>Wenn Sie nicht nur auf Reptilien, sondern insbesondere auf Schildkr\u00f6ten spezialisiert sind, k\u00f6nnen Sie Ihre Praxis hier gerne vorschlagen.<br \/>\n<script type=\"text\/javascript\" src=\"https:\/\/form.jotform.com\/jsform\/250742215800346\"><\/script><br \/>\n<\/div>\n","protected":false},"excerpt":{"rendered":"","protected":false},"author":1,"featured_media":3964,"parent":0,"menu_order":0,"comment_status":"closed","ping_status":"closed","template":"page-fullwidth.php","meta":{"_exactmetrics_skip_tracking":false,"_exactmetrics_sitenote_active":false,"_exactmetrics_sitenote_note":"","_exactmetrics_sitenote_category":0,"footnotes":""},"class_list":["post-5346","page","type-page","status-publish","has-post-thumbnail","hentry"],"aioseo_notices":[],"publishpress_future_action":{"enabled":false,"date":"2026-04-17 11:39:40","action":"change-status","newStatus":"draft","terms":[],"taxonomy":"","extraData":[]},"publishpress_future_workflow_manual_trigger":{"enabledWorkflows":[]},"_links":{"self":[{"href":"https:\/\/www.xn--landschildkrte-6pb.de\/haltung\/wp-json\/wp\/v2\/pages\/5346","targetHints":{"allow":["GET"]}}],"collection":[{"href":"https:\/\/www.xn--landschildkrte-6pb.de\/haltung\/wp-json\/wp\/v2\/pages"}],"about":[{"href":"https:\/\/www.xn--landschildkrte-6pb.de\/haltung\/wp-json\/wp\/v2\/types\/page"}],"author":[{"embeddable":true,"href":"https:\/\/www.xn--landschildkrte-6pb.de\/haltung\/wp-json\/wp\/v2\/users\/1"}],"replies":[{"embeddable":true,"href":"https:\/\/www.xn--landschildkrte-6pb.de\/haltung\/wp-json\/wp\/v2\/comments?post=5346"}],"version-history":[{"count":28,"href":"https:\/\/www.xn--landschildkrte-6pb.de\/haltung\/wp-json\/wp\/v2\/pages\/5346\/revisions"}],"predecessor-version":[{"id":21545,"href":"https:\/\/www.xn--landschildkrte-6pb.de\/haltung\/wp-json\/wp\/v2\/pages\/5346\/revisions\/21545"}],"wp:featuredmedia":[{"embeddable":true,"href":"https:\/\/www.xn--landschildkrte-6pb.de\/haltung\/wp-json\/wp\/v2\/media\/3964"}],"wp:attachment":[{"href":"https:\/\/www.xn--landschildkrte-6pb.de\/haltung\/wp-json\/wp\/v2\/media?parent=5346"}],"curies":[{"name":"wp","href":"https:\/\/api.w.org\/{rel}","templated":true}]}}