{"id":5550,"date":"2017-11-20T10:18:04","date_gmt":"2017-11-20T10:18:04","guid":{"rendered":"https:\/\/www.landschildkroeten.de\/?page_id=5550"},"modified":"2017-11-20T10:18:04","modified_gmt":"2017-11-20T10:18:04","slug":"schildkroete-macht-beim-atmen-rassel-geraeusche","status":"publish","type":"page","link":"https:\/\/www.xn--landschildkrte-6pb.de\/haltung\/schildkroete-macht-beim-atmen-rassel-geraeusche\/","title":{"rendered":"Schildkr\u00f6te macht beim Atmen Rassel-Ger\u00e4usche"},"content":{"rendered":"<div class=\"extra-wrap block_7\">\n<strong>Jul Chen schrieb:<\/strong><br \/>\nHallo ihr Lieben. Ich habe zwei Breitrand Schildis, die sind jetzt 6 Jahre alt. Im Sommer haben sie ein 100qm gro\u00dfes Freigehege jetzt waren sie die letzen 4 Wochen in meinem Wohnzimmer um sie langsam auf die Temperatur Umstellung vorzubereiten. So und heute wollte ich sie in den Keller tun um den n\u00e4chsten Temperatur schritt zu tun und da f\u00e4llt mir auf einmal auf das eine Schildkr\u00f6te beim Atmen Rassel Ger\u00e4usche macht. Das hatte ich noch nie in all den Jahren, sie waren beide nie krank. Jetzt mach ich mir Gedanken was dass sein kann. Werde morgen zum TA fahren, das einwintern warte ich jetzt ab was mir der TA sagt. Vielleicht hat jemand eine Tipp f\u00fcr mich. Danke.<\/p>\n<p><em>---Antwort---<br \/>\nHallo Jul Chen,<br \/>\nrasselndes Atmen h\u00f6rt sich nicht gut an. Das k\u00f6nnte eine Erk\u00e4ltung oder sogar Lungenentz\u00fcndung sein, mit der sie auf keinen Fall eingewintert werden darf. Bitte einen schildkr\u00f6tenerfahrenen Tierarzt aufsuchen (<a href=\"https:\/\/www.xn--landschildkrte-6pb.de\/schildkroeten-tierarzt\/\" target=\"_blank\">https:\/\/www.xn--landschildkrte-6pb.de\/schildkroeten-tierarzt\/<\/a>) und das Problem abkl\u00e4ren. Ist sie krank, muss sie warm \u00fcberwintern und 35\u00b0C Sonnenplatztemperatur haben.<\/p>\n<p>Zur Vorbereitung grunds\u00e4tzlich halte ich es f\u00fcr einfacher, sie im Freigehege vorzubereiten, da man im Wohnzimmer die Temperaturen nachts ja gar nicht unter 10\u00b0C bekommt, was kurz vor der Winterstarre wichtig ist. Mehr dazu unter <a href=\"https:\/\/www.xn--landschildkrte-6pb.de\/winterstarre\/winterruhe-hibernation-griechische-landschildkroeten\/\">https:\/\/www.xn--landschildkrte-6pb.de\/winterstarre\/winterruhe-hibernation-griechische-landschildkroeten\/<\/a><\/p>\n<p>Gr\u00fc\u00dfe,<br \/>\nFlorian<\/em><br \/>\n<\/div>\n","protected":false},"excerpt":{"rendered":"","protected":false},"author":1,"featured_media":0,"parent":0,"menu_order":0,"comment_status":"closed","ping_status":"closed","template":"","meta":{"_exactmetrics_skip_tracking":false,"_exactmetrics_sitenote_active":false,"_exactmetrics_sitenote_note":"","_exactmetrics_sitenote_category":0,"footnotes":""},"class_list":["post-5550","page","type-page","status-publish","hentry"],"aioseo_notices":[],"publishpress_future_action":{"enabled":false,"date":"2026-04-16 10:18:32","action":"change-status","newStatus":"draft","terms":[],"taxonomy":"","extraData":[]},"publishpress_future_workflow_manual_trigger":{"enabledWorkflows":[]},"_links":{"self":[{"href":"https:\/\/www.xn--landschildkrte-6pb.de\/haltung\/wp-json\/wp\/v2\/pages\/5550","targetHints":{"allow":["GET"]}}],"collection":[{"href":"https:\/\/www.xn--landschildkrte-6pb.de\/haltung\/wp-json\/wp\/v2\/pages"}],"about":[{"href":"https:\/\/www.xn--landschildkrte-6pb.de\/haltung\/wp-json\/wp\/v2\/types\/page"}],"author":[{"embeddable":true,"href":"https:\/\/www.xn--landschildkrte-6pb.de\/haltung\/wp-json\/wp\/v2\/users\/1"}],"replies":[{"embeddable":true,"href":"https:\/\/www.xn--landschildkrte-6pb.de\/haltung\/wp-json\/wp\/v2\/comments?post=5550"}],"version-history":[{"count":1,"href":"https:\/\/www.xn--landschildkrte-6pb.de\/haltung\/wp-json\/wp\/v2\/pages\/5550\/revisions"}],"predecessor-version":[{"id":5551,"href":"https:\/\/www.xn--landschildkrte-6pb.de\/haltung\/wp-json\/wp\/v2\/pages\/5550\/revisions\/5551"}],"wp:attachment":[{"href":"https:\/\/www.xn--landschildkrte-6pb.de\/haltung\/wp-json\/wp\/v2\/media?parent=5550"}],"curies":[{"name":"wp","href":"https:\/\/api.w.org\/{rel}","templated":true}]}}