{"id":5771,"date":"2017-11-28T05:57:12","date_gmt":"2017-11-28T05:57:12","guid":{"rendered":"https:\/\/www.landschildkroeten.de\/?page_id=5771"},"modified":"2025-03-21T19:10:31","modified_gmt":"2025-03-21T19:10:31","slug":"landschildkroeten-auffangstationen","status":"publish","type":"page","link":"https:\/\/www.xn--landschildkrte-6pb.de\/haltung\/landschildkroeten-auffangstationen\/","title":{"rendered":"Landschildkr\u00f6ten Auffangstationen"},"content":{"rendered":"<div class=\"extra-wrap block_7\">\nDie erste Wahl f\u00fcr die Anschaffung einer Landschildkr\u00f6te sollte immer eine <a href=\"https:\/\/www.xn--schildkrten-yfb.net\/schildkroeten-auffangstationen\/\" target=\"_blank\" rel=\"noopener noreferrer\">Schildkr\u00f6ten-Auffangstation<\/a> sein. Diese sollte man einem Z\u00fcchter bevorzugen, denn hier warten unz\u00e4hlige Landschildkr\u00f6ten auf ein neues Zuhause.<br \/>\n<iframe loading=\"lazy\" src=\"https:\/\/www.google.com\/maps\/d\/embed?mid=10FIBkCggx0U0Ua6xDgbZjOb_sGrFIJM&amp;ehbc=2E312F&amp;noprof=1\" width=\"100%\" height=\"600\"><\/iframe><\/p>\n<h2 id=\"eintragen\">Auffangstation f\u00fcr Landschildkr\u00f6ten hier eintragen<\/h2>\n<p><script type=\"text\/javascript\" src=\"https:\/\/form.jotform.com\/jsform\/250733238514353\"><\/script><br \/>\n<\/div>\n","protected":false},"excerpt":{"rendered":"","protected":false},"author":1,"featured_media":6180,"parent":0,"menu_order":0,"comment_status":"closed","ping_status":"closed","template":"page-fullwidth.php","meta":{"_exactmetrics_skip_tracking":false,"_exactmetrics_sitenote_active":false,"_exactmetrics_sitenote_note":"","_exactmetrics_sitenote_category":0,"footnotes":""},"class_list":["post-5771","page","type-page","status-publish","has-post-thumbnail","hentry"],"aioseo_notices":[],"publishpress_future_action":{"enabled":false,"date":"2026-05-12 08:22:50","action":"change-status","newStatus":"draft","terms":[],"taxonomy":"","extraData":[]},"publishpress_future_workflow_manual_trigger":{"enabledWorkflows":[]},"_links":{"self":[{"href":"https:\/\/www.xn--landschildkrte-6pb.de\/haltung\/wp-json\/wp\/v2\/pages\/5771","targetHints":{"allow":["GET"]}}],"collection":[{"href":"https:\/\/www.xn--landschildkrte-6pb.de\/haltung\/wp-json\/wp\/v2\/pages"}],"about":[{"href":"https:\/\/www.xn--landschildkrte-6pb.de\/haltung\/wp-json\/wp\/v2\/types\/page"}],"author":[{"embeddable":true,"href":"https:\/\/www.xn--landschildkrte-6pb.de\/haltung\/wp-json\/wp\/v2\/users\/1"}],"replies":[{"embeddable":true,"href":"https:\/\/www.xn--landschildkrte-6pb.de\/haltung\/wp-json\/wp\/v2\/comments?post=5771"}],"version-history":[{"count":12,"href":"https:\/\/www.xn--landschildkrte-6pb.de\/haltung\/wp-json\/wp\/v2\/pages\/5771\/revisions"}],"predecessor-version":[{"id":21543,"href":"https:\/\/www.xn--landschildkrte-6pb.de\/haltung\/wp-json\/wp\/v2\/pages\/5771\/revisions\/21543"}],"wp:featuredmedia":[{"embeddable":true,"href":"https:\/\/www.xn--landschildkrte-6pb.de\/haltung\/wp-json\/wp\/v2\/media\/6180"}],"wp:attachment":[{"href":"https:\/\/www.xn--landschildkrte-6pb.de\/haltung\/wp-json\/wp\/v2\/media?parent=5771"}],"curies":[{"name":"wp","href":"https:\/\/api.w.org\/{rel}","templated":true}]}}